{"id":393,"date":"2013-10-03T08:45:56","date_gmt":"2013-10-03T08:45:56","guid":{"rendered":"http:\/\/veracruzdemontilla.com\/?page_id=393"},"modified":"2021-10-06T17:31:14","modified_gmt":"2021-10-06T15:31:14","slug":"hazte-hermano","status":"publish","type":"page","link":"https:\/\/veracruzdemontilla.com\/?page_id=393","title":{"rendered":"Hazte Hermano"},"content":{"rendered":"<p style=\"text-align: justify;\">Si deseas formar parte de nuestra cofrad\u00eda puedes rellenar el siguiente formulario para que podamos ponernos en contacto contigo.<\/p>\n<p style=\"text-align: justify;\">Para formalizar el alta y a efectos de cumplir con la <span id=\"page4315R_mcid0\" class=\"markedContent\"><span dir=\"ltr\" role=\"presentation\">Ley Org\u00e1nica 3\/2018, de 5 de diciembre, de protecci\u00f3n de datos <\/span><span dir=\"ltr\" role=\"presentation\">personales y garant\u00eda de los derechos digitales<\/span><\/span> (LOPDGDD) y el Reglamento General de Protecci\u00f3n de Datos 2016\/679 (RGPD) se te requerir\u00e1 que firmes un documento informativo por el que el nuevo\/a hermano\/a otorga su consentimiento para el tratamiento de tus datos personales con los siguientes fines: gesti\u00f3n de la relaci\u00f3n y la comunicaci\u00f3n de la cofrad\u00eda con sus hermanos y elaboraci\u00f3n de listados de hermanos (por ejemplo, confecci\u00f3n del censo electoral).<\/p>\n<p><iframe loading=\"lazy\" src=\"https:\/\/docs.google.com\/forms\/d\/e\/1FAIpQLScwhISYPM5MfAO7KskjV3Hjb-pA7bTumF7SIhJ-KV4l6NUDew\/viewform?embedded=true\" width=\"620\" height=\"1597\" frameborder=\"0\" marginwidth=\"0\" marginheight=\"0\">Loading\u2026<\/iframe><\/p>\n","protected":false},"excerpt":{"rendered":"<p>Si deseas formar parte de nuestra cofrad\u00eda puedes rellenar el siguiente formulario para que podamos ponernos en contacto contigo. Para formalizar el alta y a efectos de cumplir con la Ley Org\u00e1nica 3\/2018, de 5 de diciembre, de protecci\u00f3n de datos personales y garant\u00eda de los derechos digitales (LOPDGDD) y el Reglamento General de Protecci\u00f3n [&#038;hellip<\/p>\n","protected":false},"author":1,"featured_media":0,"parent":0,"menu_order":0,"comment_status":"closed","ping_status":"open","template":"","meta":{"advanced_seo_description":"","spay_email":""},"wpmagazine_modules_lite_featured_media_urls":{"thumbnail":"","cvmm-medium":"","cvmm-medium-plus":"","cvmm-portrait":"","cvmm-medium-square":"","cvmm-large":"","cvmm-small":"","full":""},"categories_names":null,"comments_number":"0","jetpack_sharing_enabled":true,"jetpack_shortlink":"https:\/\/wp.me\/P9INPk-6l","jetpack_likes_enabled":true,"jetpack-related-posts":[{"id":1549,"url":"https:\/\/veracruzdemontilla.com\/?page_id=1549","url_meta":{"origin":393,"position":0},"title":"Pol\u00edtica de privacidad","date":"19 abril, 2018","format":false,"excerpt":"Conforme a la Ley Org\u00e1nica 15\/1999, de 13 de diciembre, de protecci\u00f3n de datos de car\u00e1cter personal (en adelante LOPD) y al Real Decreto 1720\/2007, de 21 de diciembre, por el que se aprueba el reglamento de desarrollo de la LOPD (en adelante RDLOPD), se informa al usuario que voluntariamente\u2026","rel":"","context":"Entrada similar","img":{"alt_text":"","src":"","width":0,"height":0},"classes":[]},{"id":247,"url":"https:\/\/veracruzdemontilla.com\/?page_id=247","url_meta":{"origin":393,"position":1},"title":"Nombramiento como Hermano Mayor Honorario","date":"24 julio, 2013","format":false,"excerpt":"El 11 de enero de 2008 la Cofrad\u00eda Penitencial de la Santa Vera Cruz decidi\u00f3 reunida en Cabildo General Extraordinario de Hermanos la distinci\u00f3n honor\u00edfica como Hermano Mayor de la Cofrad\u00eda al Regimiento de Infanter\u00eda Mecanizada \u201cC\u00f3rdoba\u201d 10, nombramiento que se hizo efectivo el domingo 10 de febrero de 2008\u2026","rel":"","context":"Entrada similar","img":{"alt_text":"","src":"https:\/\/i1.wp.com\/veracruzdemontilla.com\/wp-content\/uploads\/2013\/07\/nombramiento01.jpg?resize=350%2C200","width":350,"height":200},"classes":[]},{"id":211,"url":"https:\/\/veracruzdemontilla.com\/?page_id=211","url_meta":{"origin":393,"position":2},"title":"Santa Mar\u00eda del Socorro","date":"24 julio, 2013","format":false,"excerpt":"El domingo 11 de diciembre de 2005, la parroquia de Santiago Ap\u00f3stol se visti\u00f3 de gala para acoger la solemne bendici\u00f3n de la nueva imagen de Santa Mar\u00eda del Socorro, cotitular de la Cofrad\u00eda Penitencial de la Santa Vera Cruz. En una eucarist\u00eda presidida por el can\u00f3nigo magistral de la\u2026","rel":"","context":"Entrada similar","img":{"alt_text":"","src":"https:\/\/i2.wp.com\/veracruzdemontilla.com\/wp-content\/uploads\/2025\/04\/101013147_10217375191591077_8297386502405488640_n.jpg?resize=350%2C200&ssl=1","width":350,"height":200},"classes":[]},{"id":2,"url":"https:\/\/veracruzdemontilla.com\/?page_id=2","url_meta":{"origin":393,"position":3},"title":"Historia","date":"23 julio, 2013","format":false,"excerpt":"El mes de abril de 2005 trajo para los hermanos de la Santa Vera Cruz una magn\u00edfica noticia: el obispo de C\u00f3rdoba, Juan Jos\u00e9 Asenjo, confirmaba la erecci\u00f3n can\u00f3nica de la Hermandad m\u00e1s antigua de la localidad, cuyas primeras referencias hist\u00f3ricas datan de la primera mitad del siglo XVI. Desde\u2026","rel":"","context":"Entrada similar","img":{"alt_text":"","src":"https:\/\/i0.wp.com\/veracruzdemontilla.com\/wp-content\/uploads\/2013\/07\/historia1a-300x225.jpg?resize=350%2C200","width":350,"height":200},"classes":[]},{"id":1907,"url":"https:\/\/veracruzdemontilla.com\/?page_id=1907","url_meta":{"origin":393,"position":4},"title":"Magno V\u00eda Crucis","date":"27 marzo, 2025","format":false,"excerpt":"C\u00f3rdoba V\u00eda Sacra de Occidente V\u00eddeo promocional MagnoVCOR25 realizado por La Sangre y La Gloria El 11 de octubre de 2025, en el marco de los actos conmemorativos del 600 aniversario de la instauraci\u00f3n del rezo del v\u00eda crucis en la Iglesia de Occidente de la mano del beato \u00c1lvaro\u2026","rel":"","context":"Entrada similar","img":{"alt_text":"","src":"https:\/\/i2.wp.com\/veracruzdemontilla.com\/wp-content\/uploads\/2025\/03\/Via-Crucis-Magno_Zacatecas.jpg?fit=960%2C1200&ssl=1&resize=350%2C200","width":350,"height":200},"classes":[]},{"id":203,"url":"https:\/\/veracruzdemontilla.com\/?page_id=203","url_meta":{"origin":393,"position":5},"title":"Santo Cristo de Zacatecas","date":"24 julio, 2013","format":false,"excerpt":"El Santo Cristo de Zacatecas es uno de los mejores exponentes del barroco colonial que llevaron los espa\u00f1oles a las Indias. De tama\u00f1o superior al acad\u00e9mico y con una altura de 210 cent\u00edmetros, la imagen est\u00e1 construida con una mezcla de fibras vegetales de ca\u00f1a de ma\u00edz y encolados.La imagen\u2026","rel":"","context":"Entrada similar","img":{"alt_text":"","src":"","width":0,"height":0},"classes":[]}],"_links":{"self":[{"href":"https:\/\/veracruzdemontilla.com\/index.php?rest_route=\/wp\/v2\/pages\/393"}],"collection":[{"href":"https:\/\/veracruzdemontilla.com\/index.php?rest_route=\/wp\/v2\/pages"}],"about":[{"href":"https:\/\/veracruzdemontilla.com\/index.php?rest_route=\/wp\/v2\/types\/page"}],"author":[{"embeddable":true,"href":"https:\/\/veracruzdemontilla.com\/index.php?rest_route=\/wp\/v2\/users\/1"}],"replies":[{"embeddable":true,"href":"https:\/\/veracruzdemontilla.com\/index.php?rest_route=%2Fwp%2Fv2%2Fcomments&post=393"}],"version-history":[{"count":18,"href":"https:\/\/veracruzdemontilla.com\/index.php?rest_route=\/wp\/v2\/pages\/393\/revisions"}],"predecessor-version":[{"id":2160,"href":"https:\/\/veracruzdemontilla.com\/index.php?rest_route=\/wp\/v2\/pages\/393\/revisions\/2160"}],"wp:attachment":[{"href":"https:\/\/veracruzdemontilla.com\/index.php?rest_route=%2Fwp%2Fv2%2Fmedia&parent=393"}],"curies":[{"name":"wp","href":"https:\/\/api.w.org\/{rel}","templated":true}]}}