{"id":2246,"date":"2025-04-29T17:40:30","date_gmt":"2025-04-29T15:40:30","guid":{"rendered":"https:\/\/veracruzdemontilla.com\/?page_id=2246"},"modified":"2025-04-29T17:56:42","modified_gmt":"2025-04-29T15:56:42","slug":"podcast","status":"publish","type":"page","link":"https:\/\/veracruzdemontilla.com\/?page_id=2246","title":{"rendered":"P\u00f3dcast"},"content":{"rendered":"<figure class=\"wp-block-embed is-type-rich is-provider-spotify wp-block-embed-spotify wp-embed-aspect-21-9 wp-has-aspect-ratio\">\n<div class=\"wp-block-embed__wrapper\">\n<iframe title=\"Spotify Embed: Tr\u00e1iler\" style=\"border-radius: 12px\" width=\"100%\" height=\"152\" frameborder=\"0\" allowfullscreen allow=\"autoplay; clipboard-write; encrypted-media; fullscreen; picture-in-picture\" loading=\"lazy\" src=\"https:\/\/open.spotify.com\/embed\/episode\/5AbyhVmr4pC7Kif9k9gQ4c?si=M13AetygRmavfF0xosYhOg&#038;utm_source=oembed\"><\/iframe>\n<\/div>\n<\/figure>\n<figure class=\"wp-block-embed is-type-rich is-provider-spotify wp-block-embed-spotify wp-embed-aspect-21-9 wp-has-aspect-ratio\">\n<div class=\"wp-block-embed__wrapper\">\n<iframe title=\"Spotify Embed: La Hermandad de la Santa Vera Cruz de Montilla: Ayer y hoy de una Muy Antigua Cofrad\u00eda Penitencial\" style=\"border-radius: 12px\" width=\"100%\" height=\"152\" frameborder=\"0\" allowfullscreen allow=\"autoplay; clipboard-write; encrypted-media; fullscreen; picture-in-picture\" loading=\"lazy\" src=\"https:\/\/open.spotify.com\/embed\/episode\/6Pr5CrArdgvbfKZhTQFCsa?si=vEAKwP-hRKyrLQ-ECMpSog&#038;utm_source=oembed\"><\/iframe>\n<\/div>\n<\/figure>\n<figure class=\"wp-block-embed is-type-rich is-provider-spotify wp-block-embed-spotify wp-embed-aspect-21-9 wp-has-aspect-ratio\">\n<div class=\"wp-block-embed__wrapper\">\n<iframe title=\"Spotify Embed: Los cristos de ca\u00f1a y la religiosidad popular: la devoci\u00f3n a una joya del patrimonio mexicano\" style=\"border-radius: 12px\" width=\"100%\" height=\"152\" frameborder=\"0\" allowfullscreen allow=\"autoplay; clipboard-write; encrypted-media; fullscreen; picture-in-picture\" loading=\"lazy\" src=\"https:\/\/open.spotify.com\/embed\/episode\/48NhDUXxxptF5oVOJOVyfs?si=deN3hFEqQyaVsaOIz9BBuA&#038;utm_source=oembed\"><\/iframe>\n<\/div>\n<\/figure>\n<figure class=\"wp-block-embed is-type-rich is-provider-spotify wp-block-embed-spotify wp-embed-aspect-21-9 wp-has-aspect-ratio\">\n<div class=\"wp-block-embed__wrapper\">\n<iframe title=\"Spotify Embed: El culto y veneraci\u00f3n a la Santa Cruz en Montilla \" style=\"border-radius: 12px\" width=\"100%\" height=\"152\" frameborder=\"0\" allowfullscreen allow=\"autoplay; clipboard-write; encrypted-media; fullscreen; picture-in-picture\" loading=\"lazy\" src=\"https:\/\/open.spotify.com\/embed\/episode\/6h7IkbjAfHRHynhobMM6bh?si=O2fAduNQT6GzFFRmAoOQzw&#038;utm_source=oembed\"><\/iframe>\n<\/div>\n<\/figure>\n<figure class=\"wp-block-embed is-type-rich is-provider-spotify wp-block-embed-spotify wp-embed-aspect-21-9 wp-has-aspect-ratio\">\n<div class=\"wp-block-embed__wrapper\">\n<iframe title=\"Spotify Embed: Pasado y presente del Amarrado a la Columna: Apuntes hist\u00f3ricos sobre una imagen unida a la Vera Cruz\" style=\"border-radius: 12px\" width=\"100%\" height=\"152\" frameborder=\"0\" allowfullscreen allow=\"autoplay; clipboard-write; encrypted-media; fullscreen; picture-in-picture\" loading=\"lazy\" src=\"https:\/\/open.spotify.com\/embed\/episode\/5YeDcGHmUdrbyRc76mkDbT?si=DxdN-xOPRQy479pmnK6SQg&#038;utm_source=oembed\"><\/iframe>\n<\/div>\n<\/figure>\n<figure class=\"wp-block-embed is-type-rich is-provider-spotify wp-block-embed-spotify wp-embed-aspect-21-9 wp-has-aspect-ratio\">\n<div class=\"wp-block-embed__wrapper\">\n<iframe title=\"Spotify Embed: El Tornaviaje del Santo Cristo de Zacatecas\" style=\"border-radius: 12px\" width=\"100%\" height=\"152\" frameborder=\"0\" allowfullscreen allow=\"autoplay; clipboard-write; encrypted-media; fullscreen; picture-in-picture\" loading=\"lazy\" src=\"https:\/\/open.spotify.com\/embed\/episode\/07Xzi2woz7GPVJ8cGtTSOl?si=OcnDm4LJSZSXTbE9y3OfKA&#038;utm_source=oembed\"><\/iframe>\n<\/div>\n<\/figure>\n<figure class=\"wp-block-embed is-type-rich is-provider-spotify wp-block-embed-spotify wp-embed-aspect-21-9 wp-has-aspect-ratio\">\n<div class=\"wp-block-embed__wrapper\">\n<iframe title=\"Spotify Embed: La devoci\u00f3n a la Virgen del Socorro en los siglos XVI y XVII: una advocaci\u00f3n ligada a El Gran Capit\u00e1n\" style=\"border-radius: 12px\" width=\"100%\" height=\"152\" frameborder=\"0\" allowfullscreen allow=\"autoplay; clipboard-write; encrypted-media; fullscreen; picture-in-picture\" loading=\"lazy\" src=\"https:\/\/open.spotify.com\/embed\/episode\/5RBHuj9wh2DqYBOI8hILwE?si=7sXyeMyGR5OY5J-u4HHcYw&#038;utm_source=oembed\"><\/iframe>\n<\/div>\n<\/figure>\n<figure class=\"wp-block-embed is-type-rich is-provider-spotify wp-block-embed-spotify wp-embed-aspect-21-9 wp-has-aspect-ratio\">\n<div class=\"wp-block-embed__wrapper\">\n<iframe title=\"Spotify Embed: La tradicional Exaltaci\u00f3n de las Siete Palabras: reflexiones sobre los testamentos que Jes\u00fas hizo en la cruz\" style=\"border-radius: 12px\" width=\"100%\" height=\"152\" frameborder=\"0\" allowfullscreen allow=\"autoplay; clipboard-write; encrypted-media; fullscreen; picture-in-picture\" loading=\"lazy\" src=\"https:\/\/open.spotify.com\/embed\/episode\/4A7Yo0emQt1TxXoKDyekW2?si=tlik1VgMQOmJPVUppcRqew&#038;utm_source=oembed\"><\/iframe>\n<\/div>\n<\/figure>\n<figure class=\"wp-block-embed is-type-rich is-provider-spotify wp-block-embed-spotify wp-embed-aspect-21-9 wp-has-aspect-ratio\">\n<div class=\"wp-block-embed__wrapper\">\n<iframe title=\"Spotify Embed: El semidoble de Zacatecas: los sonidos de nuestra Semana Santa\" style=\"border-radius: 12px\" width=\"100%\" height=\"152\" frameborder=\"0\" allowfullscreen allow=\"autoplay; clipboard-write; encrypted-media; fullscreen; picture-in-picture\" loading=\"lazy\" src=\"https:\/\/open.spotify.com\/embed\/episode\/45WOI4AUhEjYc0QLyxpHGr?si=vuOsV7O_RVSDuDtwkj7Kag&#038;utm_source=oembed\"><\/iframe>\n<\/div>\n<\/figure>\n<figure class=\"wp-block-embed is-type-rich is-provider-spotify wp-block-embed-spotify wp-embed-aspect-21-9 wp-has-aspect-ratio\">\n<div class=\"wp-block-embed__wrapper\">\n<iframe title=\"Spotify Embed: La ermita de la Vera Cruz: Casa de la Venerable y Santa Escuela de Cristo en Montilla \" style=\"border-radius: 12px\" width=\"100%\" height=\"152\" frameborder=\"0\" allowfullscreen allow=\"autoplay; clipboard-write; encrypted-media; fullscreen; picture-in-picture\" loading=\"lazy\" src=\"https:\/\/open.spotify.com\/embed\/episode\/0kXGykxikEmXjKRbYhUBRp?si=QIDA5Df7Q3q6fgskCMo-rQ&#038;utm_source=oembed\"><\/iframe>\n<\/div>\n<\/figure>\n<figure class=\"wp-block-embed is-type-rich is-provider-spotify wp-block-embed-spotify wp-embed-aspect-21-9 wp-has-aspect-ratio\">\n<div class=\"wp-block-embed__wrapper\">\n<iframe title=\"Spotify Embed: La misi\u00f3n catequ\u00e9tica de la Semana Santa: an\u00e1lisis del trono de la Cofrad\u00eda Penitencial de la Santa Vera Cruz\" style=\"border-radius: 12px\" width=\"100%\" height=\"152\" frameborder=\"0\" allowfullscreen allow=\"autoplay; clipboard-write; encrypted-media; fullscreen; picture-in-picture\" loading=\"lazy\" src=\"https:\/\/open.spotify.com\/embed\/episode\/2M7WOD9iQATEa3FrDdF8Sd?si=gLm1IvghS2iJSxVbLFCQTg&#038;utm_source=oembed\"><\/iframe>\n<\/div>\n<\/figure>\n","protected":false},"excerpt":{"rendered":"","protected":false},"author":1,"featured_media":0,"parent":0,"menu_order":0,"comment_status":"closed","ping_status":"closed","template":"","meta":{"advanced_seo_description":"","spay_email":""},"wpmagazine_modules_lite_featured_media_urls":{"thumbnail":"","cvmm-medium":"","cvmm-medium-plus":"","cvmm-portrait":"","cvmm-medium-square":"","cvmm-large":"","cvmm-small":"","full":""},"categories_names":null,"comments_number":"0","jetpack_sharing_enabled":true,"jetpack_shortlink":"https:\/\/wp.me\/P9INPk-Ae","jetpack_likes_enabled":true,"jetpack-related-posts":[{"id":393,"url":"https:\/\/veracruzdemontilla.com\/?page_id=393","url_meta":{"origin":2246,"position":0},"title":"Hazte Hermano","date":"3 octubre, 2013","format":false,"excerpt":"Si deseas formar parte de nuestra cofrad\u00eda puedes rellenar el siguiente formulario para que podamos ponernos en contacto contigo. Para formalizar el alta y a efectos de cumplir con la Ley Org\u00e1nica 3\/2018, de 5 de diciembre, de protecci\u00f3n de datos personales y garant\u00eda de los derechos digitales (LOPDGDD) y\u2026","rel":"","context":"Entrada similar","img":{"alt_text":"","src":"","width":0,"height":0},"classes":[]},{"id":1549,"url":"https:\/\/veracruzdemontilla.com\/?page_id=1549","url_meta":{"origin":2246,"position":1},"title":"Pol\u00edtica de privacidad","date":"19 abril, 2018","format":false,"excerpt":"Conforme a la Ley Org\u00e1nica 15\/1999, de 13 de diciembre, de protecci\u00f3n de datos de car\u00e1cter personal (en adelante LOPD) y al Real Decreto 1720\/2007, de 21 de diciembre, por el que se aprueba el reglamento de desarrollo de la LOPD (en adelante RDLOPD), se informa al usuario que voluntariamente\u2026","rel":"","context":"Entrada similar","img":{"alt_text":"","src":"","width":0,"height":0},"classes":[]}],"_links":{"self":[{"href":"https:\/\/veracruzdemontilla.com\/index.php?rest_route=\/wp\/v2\/pages\/2246"}],"collection":[{"href":"https:\/\/veracruzdemontilla.com\/index.php?rest_route=\/wp\/v2\/pages"}],"about":[{"href":"https:\/\/veracruzdemontilla.com\/index.php?rest_route=\/wp\/v2\/types\/page"}],"author":[{"embeddable":true,"href":"https:\/\/veracruzdemontilla.com\/index.php?rest_route=\/wp\/v2\/users\/1"}],"replies":[{"embeddable":true,"href":"https:\/\/veracruzdemontilla.com\/index.php?rest_route=%2Fwp%2Fv2%2Fcomments&post=2246"}],"version-history":[{"count":6,"href":"https:\/\/veracruzdemontilla.com\/index.php?rest_route=\/wp\/v2\/pages\/2246\/revisions"}],"predecessor-version":[{"id":2256,"href":"https:\/\/veracruzdemontilla.com\/index.php?rest_route=\/wp\/v2\/pages\/2246\/revisions\/2256"}],"wp:attachment":[{"href":"https:\/\/veracruzdemontilla.com\/index.php?rest_route=%2Fwp%2Fv2%2Fmedia&parent=2246"}],"curies":[{"name":"wp","href":"https:\/\/api.w.org\/{rel}","templated":true}]}}