{"id":247,"date":"2013-07-24T16:33:22","date_gmt":"2013-07-24T16:33:22","guid":{"rendered":"http:\/\/veracruzdemontilla.com\/?page_id=247"},"modified":"2017-11-08T15:19:04","modified_gmt":"2017-11-08T13:19:04","slug":"nombramiento-como-hermano-mayor-honorario","status":"publish","type":"page","link":"http:\/\/veracruzdemontilla.com\/?page_id=247","title":{"rendered":"Nombramiento como Hermano Mayor Honorario"},"content":{"rendered":"<p align=\"justify\"><a href=\"https:\/\/i1.wp.com\/veracruzdemontilla.com\/wp-content\/uploads\/2013\/07\/nombramiento01.jpg\"><img data-attachment-id=\"254\" data-permalink=\"http:\/\/veracruzdemontilla.com\/?attachment_id=254\" data-orig-file=\"https:\/\/i1.wp.com\/veracruzdemontilla.com\/wp-content\/uploads\/2013\/07\/nombramiento01.jpg?fit=300%2C212\" data-orig-size=\"300,212\" data-comments-opened=\"1\" data-image-meta=\"{&quot;aperture&quot;:&quot;0&quot;,&quot;credit&quot;:&quot;&quot;,&quot;camera&quot;:&quot;&quot;,&quot;caption&quot;:&quot;&quot;,&quot;created_timestamp&quot;:&quot;0&quot;,&quot;copyright&quot;:&quot;&quot;,&quot;focal_length&quot;:&quot;0&quot;,&quot;iso&quot;:&quot;0&quot;,&quot;shutter_speed&quot;:&quot;0&quot;,&quot;title&quot;:&quot;&quot;}\" data-image-title=\"nombramiento01\" data-image-description=\"\" data-image-caption=\"\" data-medium-file=\"https:\/\/i1.wp.com\/veracruzdemontilla.com\/wp-content\/uploads\/2013\/07\/nombramiento01.jpg?fit=300%2C212\" data-large-file=\"https:\/\/i1.wp.com\/veracruzdemontilla.com\/wp-content\/uploads\/2013\/07\/nombramiento01.jpg?fit=300%2C212\" loading=\"lazy\" class=\"size-full wp-image-254 alignright\" src=\"https:\/\/i1.wp.com\/veracruzdemontilla.com\/wp-content\/uploads\/2013\/07\/nombramiento01.jpg?resize=300%2C212\" alt=\"nombramiento01\" width=\"300\" height=\"212\" data-recalc-dims=\"1\" \/><\/a>El 11 de enero de 2008 la Cofrad\u00eda Penitencial de la Santa Vera Cruz decidi\u00f3 reunida en Cabildo General Extraordinario de Hermanos la distinci\u00f3n honor\u00edfica como Hermano Mayor de la Cofrad\u00eda al Regimiento de Infanter\u00eda Mecanizada \u201cC\u00f3rdoba\u201d 10, nombramiento que se hizo efectivo el domingo 10 de febrero de 2008 en la Parroquia de Santiago durante la Funci\u00f3n Principal de Regla con la que culmina nuestro Quinario.<\/p>\n<p align=\"justify\">El acto comenz\u00f3, previo repique de campanas, a las doce del mediod\u00eda con la celebraci\u00f3n de la Santa Misa, oficiada por nuestro P\u00e1rroco y Consiliario D. Miguel Varona quien estuvo acompa\u00f1ado por D. Antonio Le\u00f3n (q.e.p.d) y por el Provincial de la Compa\u00f1\u00eda de Jes\u00fas en Montilla.<\/p>\n<p align=\"justify\">Tras ellos el coro de la Iglesia de Santiago. Bajo el altar, presidiendo la celebraci\u00f3n, los Sagrados Titulares de la Cofrad\u00eda, El Cristo de Zacatecas y Santa Mar\u00eda del Socorro, Madre de Dios y Se\u00f1ora Nuestra.<\/p>\n<p align=\"justify\"><a href=\"https:\/\/i2.wp.com\/veracruzdemontilla.com\/wp-content\/uploads\/2013\/07\/nombramiento.jpg\"><img data-attachment-id=\"248\" data-permalink=\"http:\/\/veracruzdemontilla.com\/?attachment_id=248\" data-orig-file=\"https:\/\/i2.wp.com\/veracruzdemontilla.com\/wp-content\/uploads\/2013\/07\/nombramiento.jpg?fit=1796%2C1272\" data-orig-size=\"1796,1272\" data-comments-opened=\"1\" data-image-meta=\"{&quot;aperture&quot;:&quot;0&quot;,&quot;credit&quot;:&quot;&quot;,&quot;camera&quot;:&quot;&quot;,&quot;caption&quot;:&quot;&quot;,&quot;created_timestamp&quot;:&quot;0&quot;,&quot;copyright&quot;:&quot;&quot;,&quot;focal_length&quot;:&quot;0&quot;,&quot;iso&quot;:&quot;0&quot;,&quot;shutter_speed&quot;:&quot;0&quot;,&quot;title&quot;:&quot;&quot;}\" data-image-title=\"nombramiento\" data-image-description=\"\" data-image-caption=\"\" data-medium-file=\"https:\/\/i2.wp.com\/veracruzdemontilla.com\/wp-content\/uploads\/2013\/07\/nombramiento.jpg?fit=300%2C212\" data-large-file=\"https:\/\/i2.wp.com\/veracruzdemontilla.com\/wp-content\/uploads\/2013\/07\/nombramiento.jpg?fit=1024%2C725\" loading=\"lazy\" class=\"size-medium wp-image-248 alignleft\" src=\"https:\/\/i2.wp.com\/veracruzdemontilla.com\/wp-content\/uploads\/2013\/07\/nombramiento.jpg?resize=300%2C212\" alt=\"nombramiento\" width=\"300\" height=\"212\" srcset=\"https:\/\/i2.wp.com\/veracruzdemontilla.com\/wp-content\/uploads\/2013\/07\/nombramiento.jpg?resize=300%2C212 300w, https:\/\/i2.wp.com\/veracruzdemontilla.com\/wp-content\/uploads\/2013\/07\/nombramiento.jpg?resize=1024%2C725 1024w, https:\/\/i2.wp.com\/veracruzdemontilla.com\/wp-content\/uploads\/2013\/07\/nombramiento.jpg?resize=600%2C424 600w, https:\/\/i2.wp.com\/veracruzdemontilla.com\/wp-content\/uploads\/2013\/07\/nombramiento.jpg?resize=900%2C637 900w, https:\/\/i2.wp.com\/veracruzdemontilla.com\/wp-content\/uploads\/2013\/07\/nombramiento.jpg?w=1796 1796w\" sizes=\"(max-width: 300px) 100vw, 300px\" data-recalc-dims=\"1\" \/><\/a><\/p>\n<p align=\"justify\">Al acto asistieron el Excmo. Sr. D. Ricardo \u00c1lvarez-Espejo Garc\u00eda, General Jefe de la Brigada \u00abGuzm\u00e1n El Bueno\u00bb y Comandante Militar de C\u00f3rdoba y el Ilmo. Sr. D. Fernando Gonz\u00e1lez Bouza, Coronel Jefe del Regimiento de Infanter\u00eda Mecanizada C\u00f3rdoba 10. Asimismo, asistieron tambi\u00e9n D\u00aa Rosa Luc\u00eda Polonio Contreras, presidenta de la C\u00e1tedra Gran Capit\u00e1n y alcaldesa de Montilla y la Ilma. Sra. D\u00aa. M\u00aa del Carmen Jim\u00e9nez Alfaro y Salas, Condesa de Prado Castellano, madrina de la Hermandad, entre otras autoridades, civiles y militares. Tambi\u00e9n el pueblo de Montilla que abarrot\u00f3 la nave central de la Parroquia.<\/p>\n<div align=\"justify\">\n<p align=\"justify\">Tras la homil\u00eda por parte del Sr. Hermano Mayor se dio lectura a un texto donde tras explicar brevemente los lazos que unen a esta Cofrad\u00eda con el citado Regimiento se procedi\u00f3 al nombramiento de Hermano Mayor Honorario al R.I. M. C\u00f3rdoba 10. Previamente el Sr. Secretario ley\u00f3 el escrito remitido por el Obispado de C\u00f3rdoba donde da su aprobaci\u00f3n a dicho nombramiento. Seguidamente y en nombre del Regimiento, recogi\u00f3 el pergamino su Coronel Jefe, el cual, con unas sentidas palabras agradeci\u00f3 dicha distinci\u00f3n, comprometi\u00e9ndose a que ocupe un lugar destacado en la Sala de Honor del acuartelamiento y en el coraz\u00f3n de todos sus componentes.<\/p>\n<p style=\"text-align: right;\" align=\"justify\"><em>Cofrad\u00eda Penitencial de la Santa Vera Cruz<\/em><\/p>\n<\/div>\n","protected":false},"excerpt":{"rendered":"<p>El 11 de enero de 2008 la Cofrad\u00eda Penitencial de la Santa Vera Cruz decidi\u00f3 reunida en Cabildo General Extraordinario de Hermanos la distinci\u00f3n honor\u00edfica como Hermano Mayor de la Cofrad\u00eda al Regimiento de Infanter\u00eda Mecanizada \u201cC\u00f3rdoba\u201d 10, nombramiento que se hizo efectivo el domingo 10 de febrero de 2008 en la Parroquia de Santiago [&#038;hellip<\/p>\n","protected":false},"author":1,"featured_media":-1,"parent":0,"menu_order":0,"comment_status":"open","ping_status":"open","template":"","meta":{"advanced_seo_description":"","spay_email":""},"wpmagazine_modules_lite_featured_media_urls":{"thumbnail":"","cvmm-medium":"","cvmm-medium-plus":"","cvmm-portrait":"","cvmm-medium-square":"","cvmm-large":"","cvmm-small":"","full":""},"categories_names":null,"comments_number":"0","jetpack_sharing_enabled":true,"jetpack_shortlink":"https:\/\/wp.me\/P9INPk-3Z","jetpack_likes_enabled":true,"jetpack-related-posts":[{"id":1907,"url":"http:\/\/veracruzdemontilla.com\/?page_id=1907","url_meta":{"origin":247,"position":0},"title":"Magno V\u00eda Crucis","date":"27 marzo, 2025","format":false,"excerpt":"C\u00f3rdoba V\u00eda Sacra de Occidente V\u00eddeo promocional MagnoVCOR25 realizado por La Sangre y La Gloria El 11 de octubre de 2025, en el marco de los actos conmemorativos del 600 aniversario de la instauraci\u00f3n del rezo del v\u00eda crucis en la Iglesia de Occidente de la mano del beato \u00c1lvaro\u2026","rel":"","context":"Entrada similar","img":{"alt_text":"","src":"https:\/\/i2.wp.com\/veracruzdemontilla.com\/wp-content\/uploads\/2025\/03\/Via-Crucis-Magno_Zacatecas.jpg?fit=960%2C1200&resize=350%2C200","width":350,"height":200},"classes":[]},{"id":211,"url":"http:\/\/veracruzdemontilla.com\/?page_id=211","url_meta":{"origin":247,"position":1},"title":"Santa Mar\u00eda del Socorro","date":"24 julio, 2013","format":false,"excerpt":"El domingo 11 de diciembre de 2005, la parroquia de Santiago Ap\u00f3stol se visti\u00f3 de gala para acoger la solemne bendici\u00f3n de la nueva imagen de Santa Mar\u00eda del Socorro, cotitular de la Cofrad\u00eda Penitencial de la Santa Vera Cruz. En una eucarist\u00eda presidida por el can\u00f3nigo magistral de la\u2026","rel":"","context":"Entrada similar","img":{"alt_text":"","src":"https:\/\/i2.wp.com\/veracruzdemontilla.com\/wp-content\/uploads\/2025\/04\/101013147_10217375191591077_8297386502405488640_n.jpg?resize=350%2C200","width":350,"height":200},"classes":[]},{"id":203,"url":"http:\/\/veracruzdemontilla.com\/?page_id=203","url_meta":{"origin":247,"position":2},"title":"Santo Cristo de Zacatecas","date":"24 julio, 2013","format":false,"excerpt":"El Santo Cristo de Zacatecas es uno de los mejores exponentes del barroco colonial que llevaron los espa\u00f1oles a las Indias. De tama\u00f1o superior al acad\u00e9mico y con una altura de 210 cent\u00edmetros, la imagen est\u00e1 construida con una mezcla de fibras vegetales de ca\u00f1a de ma\u00edz y encolados.La imagen\u2026","rel":"","context":"Entrada similar","img":{"alt_text":"","src":"","width":0,"height":0},"classes":[]},{"id":2,"url":"http:\/\/veracruzdemontilla.com\/?page_id=2","url_meta":{"origin":247,"position":3},"title":"Historia","date":"23 julio, 2013","format":false,"excerpt":"El mes de abril de 2005 trajo para los hermanos de la Santa Vera Cruz una magn\u00edfica noticia: el obispo de C\u00f3rdoba, Juan Jos\u00e9 Asenjo, confirmaba la erecci\u00f3n can\u00f3nica de la Hermandad m\u00e1s antigua de la localidad, cuyas primeras referencias hist\u00f3ricas datan de la primera mitad del siglo XVI. Desde\u2026","rel":"","context":"Entrada similar","img":{"alt_text":"","src":"https:\/\/i0.wp.com\/veracruzdemontilla.com\/wp-content\/uploads\/2013\/07\/historia1a-300x225.jpg?resize=350%2C200","width":350,"height":200},"classes":[]},{"id":1549,"url":"http:\/\/veracruzdemontilla.com\/?page_id=1549","url_meta":{"origin":247,"position":4},"title":"Pol\u00edtica de privacidad","date":"19 abril, 2018","format":false,"excerpt":"Conforme a la Ley Org\u00e1nica 15\/1999, de 13 de diciembre, de protecci\u00f3n de datos de car\u00e1cter personal (en adelante LOPD) y al Real Decreto 1720\/2007, de 21 de diciembre, por el que se aprueba el reglamento de desarrollo de la LOPD (en adelante RDLOPD), se informa al usuario que voluntariamente\u2026","rel":"","context":"Entrada similar","img":{"alt_text":"","src":"","width":0,"height":0},"classes":[]},{"id":1739,"url":"http:\/\/veracruzdemontilla.com\/?page_id=1739","url_meta":{"origin":247,"position":5},"title":"El Cristo de Zacatecas, exponente del arte iberoamericano en Tornaviaje","date":"25 octubre, 2021","format":false,"excerpt":"La exposici\u00f3n Tornaviaje. Arte iberoamericano en Espa\u00f1a del Museo del Prado ha sido el marco incomparable para celebrar el 445\u00ba aniversario de la donaci\u00f3n del Santo Cristo de Zacatecas a la Cofrad\u00eda de la Vera Cruz por parte del montillano Andr\u00e9s de Mesa, fechada el 10 de septiembre de 1576.\u2026","rel":"","context":"Entrada similar","img":{"alt_text":"","src":"https:\/\/i0.wp.com\/veracruzdemontilla.com\/wp-content\/uploads\/2021\/10\/Cabecera-Tornaviaje.jpg?resize=350%2C200","width":350,"height":200},"classes":[]}],"_links":{"self":[{"href":"http:\/\/veracruzdemontilla.com\/index.php?rest_route=\/wp\/v2\/pages\/247"}],"collection":[{"href":"http:\/\/veracruzdemontilla.com\/index.php?rest_route=\/wp\/v2\/pages"}],"about":[{"href":"http:\/\/veracruzdemontilla.com\/index.php?rest_route=\/wp\/v2\/types\/page"}],"author":[{"embeddable":true,"href":"http:\/\/veracruzdemontilla.com\/index.php?rest_route=\/wp\/v2\/users\/1"}],"replies":[{"embeddable":true,"href":"http:\/\/veracruzdemontilla.com\/index.php?rest_route=%2Fwp%2Fv2%2Fcomments&post=247"}],"version-history":[{"count":8,"href":"http:\/\/veracruzdemontilla.com\/index.php?rest_route=\/wp\/v2\/pages\/247\/revisions"}],"predecessor-version":[{"id":1382,"href":"http:\/\/veracruzdemontilla.com\/index.php?rest_route=\/wp\/v2\/pages\/247\/revisions\/1382"}],"wp:featuredmedia":[{"embeddable":true,"href":"http:\/\/veracruzdemontilla.com\/index.php?rest_route=\/wp\/v2\/media\/-1"}],"wp:attachment":[{"href":"http:\/\/veracruzdemontilla.com\/index.php?rest_route=%2Fwp%2Fv2%2Fmedia&parent=247"}],"curies":[{"name":"wp","href":"https:\/\/api.w.org\/{rel}","templated":true}]}}