{"id":239,"date":"2013-07-24T16:17:00","date_gmt":"2013-07-24T16:17:00","guid":{"rendered":"http:\/\/veracruzdemontilla.com\/?page_id=239"},"modified":"2017-11-08T15:17:24","modified_gmt":"2017-11-08T13:17:24","slug":"hechos-de-armas-y-organizacion-actual","status":"publish","type":"page","link":"http:\/\/veracruzdemontilla.com\/?page_id=239","title":{"rendered":"Hechos de armas y organizaci\u00f3n actual"},"content":{"rendered":"<p style=\"text-align: justify;\">Entre los principales hechos de armas, destaca en 1571 la Batalla de Lepanto donde Don Miguel de Cervantes y Saavedra asisti\u00f3 soldado del Tercio de Moncada a las \u00f3rdenes del Duque de Alba. El 7 de Octubre del mismo a\u00f1o parten hacia Cefalonia donde pocas horas despu\u00e9s se dar\u00eda la Gran Batalla siendo herido Cervantes de dos arcabuzazos en el pecho y otro en la mano izquierda; de ah\u00ed la denominaci\u00f3n de \u201cEl Manco de Lepanto\u201d. Una vez recuperado de sus heridas, en 1572 se reincorpora al servicio, siendo destinado al Tercio de La Liga Cat\u00f3lica, nuestro Regimiento actual, \u00a0A partir de 1634 participa en guerra con Francia, Italia y Portugal. En 1707 en la Guerra de Sucesi\u00f3n. En 1833 en la Primera Guerra Carlista. En 1872, Segunda Guerra Carlista y en 1896 en la Guerra de Cuba. En 1913, Guerra de \u00c1frica y 1936 Guerra de Espa\u00f1a.<\/p>\n<p style=\"text-align: justify;\">El Regimiento de Infanter\u00eda Mecanizada C\u00f3rdoba N\u00ba 10 pertenece org\u00e1nicamente a la Brigada de Infanter\u00eda Mecanizada Guzm\u00e1n el Bueno X, dentro del marco del Mando de las Fuerzas Pesadas del Ej\u00e9rcito. El Regimiento tiene su sede en la Base de Cerro Muriano (C\u00f3rdoba) y est\u00e1 constituido por Mando, PLMM Regimental y dos Batallones de Infanter\u00eda, uno Mecanizado y otro Acorazado.<\/p>\n<p style=\"text-align: justify;\">El Batall\u00f3n Mecanizado recibe el nombre de BIMZ \u201cAlmansa\u201d III\/10, primera unidad del ej\u00e9rcito totalmente equipada con el nuevo veh\u00edculo de combate de Infanter\u00eda Pizarro. El Batall\u00f3n Acorazado recibe el nombre de BICC \u201cM\u00e1laga\u201d IV\/10\u201d. En Octubre de 1995, dicho Regimiento se incorpora al Eurocuerpo. En Noviembre del mismo a\u00f1o, recibe los primeros carros de combate Leopard -2A4- y posteriormente los -2A5-.<\/p>\n<p style=\"text-align: justify;\">El 1 de julio de 2015 se inicia una nueva reorganizaci\u00f3n queda organizado con Mando y PLM, un Batall\u00f3n de Carros de Combate (BICC MALAGA I\/10) y un Grupo de Caballer\u00eda (GCAC \u201cALMANSA\u201d II\/10), de guarnici\u00f3n en la Base de Cerro Muriano (C\u00f3rdoba) integrado en la BOP (Brigada Operativa Polivalente) \u00a0Brigada \u201cGuzm\u00e1n el Bueno\u201d X.<\/p>\n<p style=\"text-align: justify;\">Desde que en 1992 las Fuerzas Armadas Espa\u00f1olas participan en Misiones de Paz y Seguridad auspiciadas por las Naciones Unidas, el citado Regimiento ha participado en diferentes misiones siendo las m\u00e1s importantes:<\/p>\n<ul style=\"list-style-type: circle; text-align: justify;\">\n<li>En abril de 1994, Misi\u00f3n de Paz en los Balcanes dentro de la Agrupaci\u00f3n C\u00f3rdoba en Bosnia-Herzegovina, al mando del Coronel Don Pedro Luis Bra\u00f1a Pino, Jefe del Regimiento de Infanter\u00eda Mecanizada C\u00f3rdoba N\u00ba 10. Se da la circunstancia de que es la primera vez que participan en estas misiones Unidades no adscritas a la Fuerza de Acci\u00f3n R\u00e1pida, sino a la Divisi\u00f3n de Infanter\u00eda Mecanizada Brunete N\u00ba 1.<\/li>\n<li>En mayo de 1998, la SPABRI VII bajo el mando del General Don Jos\u00e9 Arnoldo Mediavilla Nieto, el Regimiento de Infanter\u00eda Mecanizada C\u00f3rdoba N\u00ba 10 colabora con el Batall\u00f3n de Infanter\u00eda Mecanizada Almansa III\/10. En esta misi\u00f3n de Paz, un grupo t\u00e1ctico de esta Brigada cordobesa llev\u00f3 el nombre de Montilla. La Brigada cordobesa durante su estancia en Bosnia-Herzegovina desarroll\u00f3 m\u00e1s de 8.500 misiones recorriendo un mill\u00f3n doscientos mil kil\u00f3metros, consumiendo m\u00e1s de 500.000 litros de carburante, 3.200 patrullas, 188 escoltas de apoyo a Organismos Internacionales, inspecci\u00f3n de instalaciones y sin olvidar las obras de infraestructura para ayudar a la poblaci\u00f3n de Bosnia.<\/li>\n<li>En agosto de 2005, Misi\u00f3n de Paz en Kosovo. El contingente de la Agrupaci\u00f3n T\u00e1ctica C\u00f3rdoba estuvo integrado por 522 militares, procedentes en su mayor parte del Regimiento de Infanter\u00eda Mecanizada C\u00f3rdoba N\u00ba 10, al mando del Coronel Don Casimiro Sanju\u00e1n. Los objetivos del contingente durante su estancia en la zona fueron el favorecer la consolidaci\u00f3n de la paz y estabilidad en la regi\u00f3n, garantizar la libertad de movimientos y el respeto a las Misiones siendo m\u00e1s habituales el establecimiento de controles y patrullas por la carretera.<\/li>\n<\/ul>\n<p style=\"text-align: justify;\">En todas estas Misiones, el Regimiento ha demostrado su preparaci\u00f3n, amor al servicio, abnegaci\u00f3n y entrega, consiguiendo el afecto de la poblaci\u00f3n civil de cada una de las zonas.<\/p>\n<p style=\"text-align: justify;\">Desde el a\u00f1o 2009 hasta la actualidad ha formado parte en cuatro misiones de la fuerza de la ONU desplegada en El L\u00edbano (UNIFIL) para la Operaci\u00f3n Libre Hidalgo. La BRIMZ X, lideraba la Brigada Multinacional Este,<\/p>\n<p style=\"text-align: justify;\">En total, hasta el momento, ha participado en cinco misiones en Bosnia-Herzegovina, tres en Kosovo y cuatro de El L\u00edbano.<\/p>\n<p>&nbsp;<\/p>\n<p style=\"text-align: right;\"><em>Cofrad\u00eda Penitencial de la Santa Vera Cruz<\/em><\/p>\n","protected":false},"excerpt":{"rendered":"<p>Entre los principales hechos de armas, destaca en 1571 la Batalla de Lepanto donde Don Miguel de Cervantes y Saavedra asisti\u00f3 soldado del Tercio de Moncada a las \u00f3rdenes del Duque de Alba. El 7 de Octubre del mismo a\u00f1o parten hacia Cefalonia donde pocas horas despu\u00e9s se dar\u00eda la Gran Batalla siendo herido Cervantes [&#038;hellip<\/p>\n","protected":false},"author":1,"featured_media":-1,"parent":0,"menu_order":0,"comment_status":"open","ping_status":"open","template":"","meta":{"advanced_seo_description":"","spay_email":""},"wpmagazine_modules_lite_featured_media_urls":{"thumbnail":"","cvmm-medium":"","cvmm-medium-plus":"","cvmm-portrait":"","cvmm-medium-square":"","cvmm-large":"","cvmm-small":"","full":""},"categories_names":null,"comments_number":"0","jetpack_sharing_enabled":true,"jetpack_shortlink":"https:\/\/wp.me\/P9INPk-3R","jetpack_likes_enabled":true,"jetpack-related-posts":[{"id":230,"url":"http:\/\/veracruzdemontilla.com\/?page_id=230","url_meta":{"origin":239,"position":0},"title":"Resumen hist\u00f3rico","date":"24 julio, 2013","format":false,"excerpt":"Creado el 27 de febrero de 1566, como Tercio de \u00a0Figueroa, tomando su nombre de su Primer Maestre de Campo Don Lope de Figueroa, como era costumbre en aquella \u00e9poca. Aparece como Tercio Extraordinario debido a la presi\u00f3n que ejerc\u00eda en nuestro pa\u00eds la guerra contra los Pa\u00edses Bajos, teniendo\u2026","rel":"","context":"Entrada similar","img":{"alt_text":"Acompa\u00f1amiento musical de la banda del RAC n\u00ba 10.","src":"https:\/\/i1.wp.com\/veracruzdemontilla.com\/wp-content\/uploads\/2013\/07\/DSC00474.jpg?resize=350%2C200","width":350,"height":200},"classes":[]},{"id":247,"url":"http:\/\/veracruzdemontilla.com\/?page_id=247","url_meta":{"origin":239,"position":1},"title":"Nombramiento como Hermano Mayor Honorario","date":"24 julio, 2013","format":false,"excerpt":"El 11 de enero de 2008 la Cofrad\u00eda Penitencial de la Santa Vera Cruz decidi\u00f3 reunida en Cabildo General Extraordinario de Hermanos la distinci\u00f3n honor\u00edfica como Hermano Mayor de la Cofrad\u00eda al Regimiento de Infanter\u00eda Mecanizada \u201cC\u00f3rdoba\u201d 10, nombramiento que se hizo efectivo el domingo 10 de febrero de 2008\u2026","rel":"","context":"Entrada similar","img":{"alt_text":"","src":"https:\/\/i1.wp.com\/veracruzdemontilla.com\/wp-content\/uploads\/2013\/07\/nombramiento01.jpg?resize=350%2C200","width":350,"height":200},"classes":[]},{"id":227,"url":"http:\/\/veracruzdemontilla.com\/?page_id=227","url_meta":{"origin":239,"position":2},"title":"Estaci\u00f3n de Penitencia","date":"24 julio, 2013","format":false,"excerpt":"La Estaci\u00f3n de Penitencia de la Cofrad\u00eda de la Santa Vera Cruz tiene lugar en la tarde-noche del Martes Santo, tal y como recogen sus estatutos. En ese momento, las puertas de la Iglesia parroquial de Santiago se abren al pueblo de Montilla, que se enluta bajo la imponente torre\u2026","rel":"","context":"Entrada similar","img":{"alt_text":"","src":"","width":0,"height":0},"classes":[]},{"id":203,"url":"http:\/\/veracruzdemontilla.com\/?page_id=203","url_meta":{"origin":239,"position":3},"title":"Santo Cristo de Zacatecas","date":"24 julio, 2013","format":false,"excerpt":"El Santo Cristo de Zacatecas es uno de los mejores exponentes del barroco colonial que llevaron los espa\u00f1oles a las Indias. De tama\u00f1o superior al acad\u00e9mico y con una altura de 210 cent\u00edmetros, la imagen est\u00e1 construida con una mezcla de fibras vegetales de ca\u00f1a de ma\u00edz y encolados.La imagen\u2026","rel":"","context":"Entrada similar","img":{"alt_text":"","src":"","width":0,"height":0},"classes":[]},{"id":1739,"url":"http:\/\/veracruzdemontilla.com\/?page_id=1739","url_meta":{"origin":239,"position":4},"title":"El Cristo de Zacatecas, exponente del arte iberoamericano en Tornaviaje","date":"25 octubre, 2021","format":false,"excerpt":"La exposici\u00f3n Tornaviaje. Arte iberoamericano en Espa\u00f1a del Museo del Prado ha sido el marco incomparable para celebrar el 445\u00ba aniversario de la donaci\u00f3n del Santo Cristo de Zacatecas a la Cofrad\u00eda de la Vera Cruz por parte del montillano Andr\u00e9s de Mesa, fechada el 10 de septiembre de 1576.\u2026","rel":"","context":"Entrada similar","img":{"alt_text":"","src":"https:\/\/i0.wp.com\/veracruzdemontilla.com\/wp-content\/uploads\/2021\/10\/Cabecera-Tornaviaje.jpg?resize=350%2C200","width":350,"height":200},"classes":[]},{"id":211,"url":"http:\/\/veracruzdemontilla.com\/?page_id=211","url_meta":{"origin":239,"position":5},"title":"Santa Mar\u00eda del Socorro","date":"24 julio, 2013","format":false,"excerpt":"El domingo 11 de diciembre de 2005, la parroquia de Santiago Ap\u00f3stol se visti\u00f3 de gala para acoger la solemne bendici\u00f3n de la nueva imagen de Santa Mar\u00eda del Socorro, cotitular de la Cofrad\u00eda Penitencial de la Santa Vera Cruz. En una eucarist\u00eda presidida por el can\u00f3nigo magistral de la\u2026","rel":"","context":"Entrada similar","img":{"alt_text":"","src":"https:\/\/i2.wp.com\/veracruzdemontilla.com\/wp-content\/uploads\/2025\/04\/101013147_10217375191591077_8297386502405488640_n.jpg?resize=350%2C200","width":350,"height":200},"classes":[]}],"_links":{"self":[{"href":"http:\/\/veracruzdemontilla.com\/index.php?rest_route=\/wp\/v2\/pages\/239"}],"collection":[{"href":"http:\/\/veracruzdemontilla.com\/index.php?rest_route=\/wp\/v2\/pages"}],"about":[{"href":"http:\/\/veracruzdemontilla.com\/index.php?rest_route=\/wp\/v2\/types\/page"}],"author":[{"embeddable":true,"href":"http:\/\/veracruzdemontilla.com\/index.php?rest_route=\/wp\/v2\/users\/1"}],"replies":[{"embeddable":true,"href":"http:\/\/veracruzdemontilla.com\/index.php?rest_route=%2Fwp%2Fv2%2Fcomments&post=239"}],"version-history":[{"count":7,"href":"http:\/\/veracruzdemontilla.com\/index.php?rest_route=\/wp\/v2\/pages\/239\/revisions"}],"predecessor-version":[{"id":1380,"href":"http:\/\/veracruzdemontilla.com\/index.php?rest_route=\/wp\/v2\/pages\/239\/revisions\/1380"}],"wp:featuredmedia":[{"embeddable":true,"href":"http:\/\/veracruzdemontilla.com\/index.php?rest_route=\/wp\/v2\/media\/-1"}],"wp:attachment":[{"href":"http:\/\/veracruzdemontilla.com\/index.php?rest_route=%2Fwp%2Fv2%2Fmedia&parent=239"}],"curies":[{"name":"wp","href":"https:\/\/api.w.org\/{rel}","templated":true}]}}