{"id":227,"date":"2013-07-24T11:13:22","date_gmt":"2013-07-24T11:13:22","guid":{"rendered":"http:\/\/veracruzdemontilla.com\/?page_id=227"},"modified":"2025-04-19T18:12:23","modified_gmt":"2025-04-19T16:12:23","slug":"227-2","status":"publish","type":"page","link":"http:\/\/veracruzdemontilla.com\/?page_id=227","title":{"rendered":"Estaci\u00f3n de Penitencia"},"content":{"rendered":"<p>La Estaci\u00f3n de Penitencia de la Cofrad\u00eda de la Santa Vera Cruz tiene lugar en la tarde-noche del Martes Santo, tal y como recogen sus estatutos. En ese momento, las puertas de la Iglesia parroquial de Santiago se abren al pueblo de Montilla, que se enluta bajo la imponente torre mientras sus ancestrales campanas ta\u00f1en el conocido como semidoble de Zacatecas.<\/p>\n<p><iframe loading=\"lazy\" width=\"600\" height=\"315\" src=\"https:\/\/www.youtube.com\/embed\/teyW36dFPgg?si=AOWUIVP89n9q5jmf\" title=\"YouTube video player\" frameborder=\"0\" allow=\"accelerometer; autoplay; clipboard-write; encrypted-media; gyroscope; picture-in-picture; web-share\" referrerpolicy=\"strict-origin-when-cross-origin\" allowfullscreen><\/iframe><\/p>\n<hr class=\"wp-block-separator\"\/>\n<p align=\"justify\"><img class=\"alignleft\" src=\"https:\/\/i1.wp.com\/3.bp.blogspot.com\/_jhjBGUaSeKE\/S0XbtLDnPqI\/AAAAAAAAAVg\/mIoIENAg7bo\/s320\/estacion1.jpg\" alt=\"\" data-recalc-dims=\"1\" \/>Tras cincuenta a\u00f1os ausentes de la Semana Santa de nuestra ciudad, el Cristo de Zacatecas y la Virgen del Socorro regresaron a la calles de Montilla el 11 de abril de 2006 y los hermanos de la Vera Cruz, una vez celebrada la Misa de Hermandad volvieron a realizar la primera estaci\u00f3n de penitencia despu\u00e9s del proceso de reorganizaci\u00f3n de la cofrad\u00eda. <\/p>\n<p align=\"justify\">El cortejo discurri\u00f3 por las calles Iglesia, Gran Capit\u00e1n, Llano de Palacio, Avenida de Granada, Paseo de Cervantes, Cuesta del Muladar, Llanete de la Cruz, Juan Col\u00edn, Ancha, Fuente \u00c1lamo, M\u00e9dico Cabello, Puerta de Aguilar, Corredera, Arcipreste Fern\u00e1ndez Casado e Iglesia. La repentina aparici\u00f3n de la lluvia oblig\u00f3 a la hermandad a retornar al templo parroquial a la medianoche, cuando ya hab\u00eda completado la pr\u00e1ctica totalidad de su itinerario.<\/p>\n<p align=\"justify\"><img class=\"aligncenter\" src=\"https:\/\/i2.wp.com\/2.bp.blogspot.com\/_jhjBGUaSeKE\/S0XcBpgYNII\/AAAAAAAAAVo\/PMG4rmO4TJI\/s320\/estacion2a.jpg\" alt=\"\" data-recalc-dims=\"1\" \/><\/p>\n<p align=\"justify\">El cortejo del a\u00f1o 2006 cont\u00f3 con la presencia del alcalde de Montilla y presidente de la C\u00e1tedra Gran Capit\u00e1n, Antonio Carpio Quintero, as\u00ed como del presidente de la Confraternidad de Hermandades de la Vera Cruz de Espa\u00f1a, Antonio \u00c1lvarez Gonz\u00e1lez y del presidente de la Agrupaci\u00f3n de Cofrad\u00edas de Montilla, Jos\u00e9 Antonio Trapero Perea.<\/p>\n<p align=\"justify\">Desde aquel momento han transcurrido casi dos d\u00e9cadas en las que la devoci\u00f3n por el indiano Cristo de Zacatecas y Santa Mar\u00eda del Socorro, Madre de Dios y Se\u00f1ora Nuestra, no ha hecho m\u00e1s que crecer.<\/p>\n<p align=\"justify\"><strong>Cofrad\u00eda Penitencial de la Santa Vera Cruz<\/strong><\/p>\n","protected":false},"excerpt":{"rendered":"<p>La Estaci\u00f3n de Penitencia de la Cofrad\u00eda de la Santa Vera Cruz tiene lugar en la tarde-noche del Martes Santo, tal y como recogen sus estatutos. En ese momento, las puertas de la Iglesia parroquial de Santiago se abren al pueblo de Montilla, que se enluta bajo la imponente torre mientras sus ancestrales campanas ta\u00f1en [&#038;hellip<\/p>\n","protected":false},"author":1,"featured_media":0,"parent":0,"menu_order":0,"comment_status":"open","ping_status":"open","template":"","meta":{"advanced_seo_description":"","spay_email":""},"wpmagazine_modules_lite_featured_media_urls":{"thumbnail":"","cvmm-medium":"","cvmm-medium-plus":"","cvmm-portrait":"","cvmm-medium-square":"","cvmm-large":"","cvmm-small":"","full":""},"categories_names":null,"comments_number":"0","jetpack_sharing_enabled":true,"jetpack_shortlink":"https:\/\/wp.me\/P9INPk-3F","jetpack_likes_enabled":true,"jetpack-related-posts":[{"id":2186,"url":"http:\/\/veracruzdemontilla.com\/?page_id=2186","url_meta":{"origin":227,"position":0},"title":"Galer\u00eda de fotos","date":"19 abril, 2025","format":false,"excerpt":"Estaci\u00f3n de penitencia 2025","rel":"","context":"Entrada similar","img":{"alt_text":"","src":"https:\/\/i0.wp.com\/veracruzdemontilla.com\/wp-content\/uploads\/2025\/04\/WhatsApp-Image-2025-04-14-at-13.46.34.jpeg?resize=350%2C200","width":350,"height":200},"classes":[]},{"id":217,"url":"http:\/\/veracruzdemontilla.com\/?page_id=217","url_meta":{"origin":227,"position":1},"title":"Patrimonio","date":"24 julio, 2013","format":false,"excerpt":"El cortejo de la Cofrad\u00eda Penitencial de la Santa Vera Cruz se abre con la Cruz de Gu\u00eda, una pieza an\u00f3nima del siglo XVII, realizada en madera policromada y que alberga la pintura de un crucificado. Asimismo, abriendo el tramo de nazarenos, la Hermandad lleva su estandarte corporativo, realizado en\u2026","rel":"","context":"Entrada similar","img":{"alt_text":"","src":"","width":0,"height":0},"classes":[]},{"id":1480,"url":"http:\/\/veracruzdemontilla.com\/?page_id=1480","url_meta":{"origin":227,"position":2},"title":"Junta de Gobierno","date":"11 abril, 2018","format":false,"excerpt":"Junta de Gobierno presidida por Juan Antonio Prieto Velasco (2025-actualidad) [Foto: Chema G. M\u00e1rmol] Hermano mayor: D. Juan Antonio Prieto Velasco Vice-hermano mayor: D. Jorge R\u00edos Mayar Secretario: D. Jes\u00fas Juli\u00e1n Morales Arribas Tesorero: D. Miguel Navarro M\u00e1rquez Vocal de Cultos y Atenci\u00f3n espiritual: D\u00f1a. Blanca Lucena Leiva\u00a0 Vocal de\u2026","rel":"","context":"Entrada similar","img":{"alt_text":"","src":"https:\/\/i0.wp.com\/veracruzdemontilla.com\/wp-content\/uploads\/2026\/02\/20260222-FiestaDe-Regla-19-1024x683.jpg?resize=350%2C200","width":350,"height":200},"classes":[]},{"id":1907,"url":"http:\/\/veracruzdemontilla.com\/?page_id=1907","url_meta":{"origin":227,"position":3},"title":"Magno V\u00eda Crucis","date":"27 marzo, 2025","format":false,"excerpt":"C\u00f3rdoba V\u00eda Sacra de Occidente V\u00eddeo promocional MagnoVCOR25 realizado por La Sangre y La Gloria El 11 de octubre de 2025, en el marco de los actos conmemorativos del 600 aniversario de la instauraci\u00f3n del rezo del v\u00eda crucis en la Iglesia de Occidente de la mano del beato \u00c1lvaro\u2026","rel":"","context":"Entrada similar","img":{"alt_text":"","src":"https:\/\/i2.wp.com\/veracruzdemontilla.com\/wp-content\/uploads\/2025\/03\/Via-Crucis-Magno_Zacatecas.jpg?fit=960%2C1200&resize=350%2C200","width":350,"height":200},"classes":[]},{"id":1549,"url":"http:\/\/veracruzdemontilla.com\/?page_id=1549","url_meta":{"origin":227,"position":4},"title":"Pol\u00edtica de privacidad","date":"19 abril, 2018","format":false,"excerpt":"Conforme a la Ley Org\u00e1nica 15\/1999, de 13 de diciembre, de protecci\u00f3n de datos de car\u00e1cter personal (en adelante LOPD) y al Real Decreto 1720\/2007, de 21 de diciembre, por el que se aprueba el reglamento de desarrollo de la LOPD (en adelante RDLOPD), se informa al usuario que voluntariamente\u2026","rel":"","context":"Entrada similar","img":{"alt_text":"","src":"","width":0,"height":0},"classes":[]},{"id":203,"url":"http:\/\/veracruzdemontilla.com\/?page_id=203","url_meta":{"origin":227,"position":5},"title":"Santo Cristo de Zacatecas","date":"24 julio, 2013","format":false,"excerpt":"El Santo Cristo de Zacatecas es uno de los mejores exponentes del barroco colonial que llevaron los espa\u00f1oles a las Indias. De tama\u00f1o superior al acad\u00e9mico y con una altura de 210 cent\u00edmetros, la imagen est\u00e1 construida con una mezcla de fibras vegetales de ca\u00f1a de ma\u00edz y encolados.La imagen\u2026","rel":"","context":"Entrada similar","img":{"alt_text":"","src":"","width":0,"height":0},"classes":[]}],"_links":{"self":[{"href":"http:\/\/veracruzdemontilla.com\/index.php?rest_route=\/wp\/v2\/pages\/227"}],"collection":[{"href":"http:\/\/veracruzdemontilla.com\/index.php?rest_route=\/wp\/v2\/pages"}],"about":[{"href":"http:\/\/veracruzdemontilla.com\/index.php?rest_route=\/wp\/v2\/types\/page"}],"author":[{"embeddable":true,"href":"http:\/\/veracruzdemontilla.com\/index.php?rest_route=\/wp\/v2\/users\/1"}],"replies":[{"embeddable":true,"href":"http:\/\/veracruzdemontilla.com\/index.php?rest_route=%2Fwp%2Fv2%2Fcomments&post=227"}],"version-history":[{"count":3,"href":"http:\/\/veracruzdemontilla.com\/index.php?rest_route=\/wp\/v2\/pages\/227\/revisions"}],"predecessor-version":[{"id":2185,"href":"http:\/\/veracruzdemontilla.com\/index.php?rest_route=\/wp\/v2\/pages\/227\/revisions\/2185"}],"wp:attachment":[{"href":"http:\/\/veracruzdemontilla.com\/index.php?rest_route=%2Fwp%2Fv2%2Fmedia&parent=227"}],"curies":[{"name":"wp","href":"https:\/\/api.w.org\/{rel}","templated":true}]}}