{"id":217,"date":"2013-07-24T10:29:42","date_gmt":"2013-07-24T10:29:42","guid":{"rendered":"http:\/\/veracruzdemontilla.com\/?page_id=217"},"modified":"2013-07-24T10:33:49","modified_gmt":"2013-07-24T10:33:49","slug":"patrimonio","status":"publish","type":"page","link":"http:\/\/veracruzdemontilla.com\/?page_id=217","title":{"rendered":"Patrimonio"},"content":{"rendered":"<p align=\"justify\"><img class=\"alignleft\" alt=\"\" src=\"https:\/\/i1.wp.com\/3.bp.blogspot.com\/_jhjBGUaSeKE\/S0YBUXHJS2I\/AAAAAAAAAXY\/RRbpv9ebtxc\/s200\/patrimonio1a.jpg\" data-recalc-dims=\"1\" \/>El cortejo de la Cofrad\u00eda Penitencial de la Santa Vera Cruz se abre con la Cruz de Gu\u00eda, una pieza an\u00f3nima del siglo XVII, realizada en madera policromada y que alberga la pintura de un crucificado.<\/p>\n<p style=\"text-align: justify;\" align=\"justify\">Asimismo, abriendo el tramo de nazarenos, la Hermandad lleva su estandarte corporativo, realizado en terciopelo verde con remates en oro fino por el prestigioso maestro bordador cordob\u00e9s Antonio Villar y que presenta una impresionante pintura de la artista montillana Mar\u00eda Jos\u00e9 Ruiz, ganadora del III Premio Nacional de Pintura \u00abJos\u00e9 Garnelo\u00bb.<\/p>\n<p style=\"text-align: justify;\"><img class=\"alignright\" alt=\"\" src=\"https:\/\/i2.wp.com\/1.bp.blogspot.com\/_jhjBGUaSeKE\/S0YBlBCw1CI\/AAAAAAAAAXg\/dSq-4W7NkAA\/s200\/patrimonio2a.jpg\" data-recalc-dims=\"1\" \/>El medall\u00f3n central, realizado en lienzo sobre tabla, representa en un primer plano el escudo de la cofrad\u00eda m\u00e1s antigua de la localidad, mientras que al fondo puede observarse el caracter\u00edstico perfil de Montilla. La vara del estandarte, que simula el estilo que segu\u00edan las insignias de las hermandades cordobesas fundadas entre los siglos XVI y XVIII, est\u00e1 elaborada en plata cincelada y es obra del orfebre sevillano Antonio Santos.<\/p>\n<p style=\"text-align: justify;\" align=\"justify\">Por su parte, los ac\u00f3litos portar\u00e1n dos incensiarios de plata labrados por el orfebre cordob\u00e9s Dami\u00e1n de Castro, en el siglo XVIII. El cortejo se completar\u00e1 con las diez varas que distinguen a los mandos de la Cofrad\u00eda, as\u00ed como a las autoridades religiosas, civiles y militares que presiden la estaci\u00f3n de penitencia. Las insignias han sido realizadas en plata y madera de caoba por el artista cordob\u00e9s Emilio Le\u00f3n.<\/p>\n<p align=\"justify\"><img class=\"aligncenter\" alt=\"\" src=\"https:\/\/i1.wp.com\/3.bp.blogspot.com\/_jhjBGUaSeKE\/S0YCITGxyZI\/AAAAAAAAAXo\/U7zZWhDRoqg\/s320\/patrimonio3a.jpg\" data-recalc-dims=\"1\" \/><\/p>\n<p style=\"text-align: justify;\" align=\"justify\">Los tallistas cordobeses Manuel Jurado Moreno y Miguel Ortiz Cabello han sido finalmente los encargados de dise\u00f1ar el nuevo trono que porta las im\u00e1genes del Santo Cristo de Zacatecas y Santa Mar\u00eda del Socorro.<\/p>\n<p style=\"text-align: justify;\">Los tallistas, que han intervenido en la restauraci\u00f3n del retablo de la iglesia de la Diputaci\u00f3n Provincial de C\u00f3rdoba, as\u00ed como en la elaboraci\u00f3n de las cruces de gu\u00eda de las ofrad\u00edas del Preso y de la Columna de la localidad de Cabra, se han inspirado en el retablo de la Capilla Sacramental de la Parroquia de Santiago Ap\u00f3stol de Montilla, obra de Lope Medina Chirinos.<\/p>\n<p style=\"text-align: justify;\">De esta manera, el trono evocar\u00e1 esta obra concluida en 1636 y que acoge el primitivo sagrario de la Iglesia Mayor de la localidad. Las labores de carpinter\u00eda del trono, dise\u00f1ado para ser llevado con varales, seguir\u00e1n una l\u00ednea de corte renacentista y ser\u00e1n ejecutadas por el artista ramble\u00f1o Juan Amador Garc\u00eda, quien est\u00e1 utilizando maderas nobles de ukola a las que proporcionar\u00e1 policrom\u00eda en tono caoba. En un futuro, el paso lucir\u00e1 orfebrer\u00eda del cordob\u00e9s Emilio Le\u00f3n.<\/p>\n<p style=\"text-align: justify;\"><strong>Cofrad\u00eda Penitencial de la Santa Vera Cruz<\/strong><\/p>\n","protected":false},"excerpt":{"rendered":"<p>El cortejo de la Cofrad\u00eda Penitencial de la Santa Vera Cruz se abre con la Cruz de Gu\u00eda, una pieza an\u00f3nima del siglo XVII, realizada en madera policromada y que alberga la pintura de un crucificado. Asimismo, abriendo el tramo de nazarenos, la Hermandad lleva su estandarte corporativo, realizado en terciopelo verde con remates en [&#038;hellip<\/p>\n","protected":false},"author":1,"featured_media":0,"parent":0,"menu_order":0,"comment_status":"open","ping_status":"open","template":"","meta":{"advanced_seo_description":"","spay_email":""},"wpmagazine_modules_lite_featured_media_urls":{"thumbnail":"","cvmm-medium":"","cvmm-medium-plus":"","cvmm-portrait":"","cvmm-medium-square":"","cvmm-large":"","cvmm-small":"","full":""},"categories_names":null,"comments_number":"0","jetpack_sharing_enabled":true,"jetpack_shortlink":"https:\/\/wp.me\/P9INPk-3v","jetpack_likes_enabled":true,"jetpack-related-posts":[{"id":203,"url":"http:\/\/veracruzdemontilla.com\/?page_id=203","url_meta":{"origin":217,"position":0},"title":"Santo Cristo de Zacatecas","date":"24 julio, 2013","format":false,"excerpt":"El Santo Cristo de Zacatecas es uno de los mejores exponentes del barroco colonial que llevaron los espa\u00f1oles a las Indias. De tama\u00f1o superior al acad\u00e9mico y con una altura de 210 cent\u00edmetros, la imagen est\u00e1 construida con una mezcla de fibras vegetales de ca\u00f1a de ma\u00edz y encolados.La imagen\u2026","rel":"","context":"Entrada similar","img":{"alt_text":"","src":"","width":0,"height":0},"classes":[]},{"id":1549,"url":"http:\/\/veracruzdemontilla.com\/?page_id=1549","url_meta":{"origin":217,"position":1},"title":"Pol\u00edtica de privacidad","date":"19 abril, 2018","format":false,"excerpt":"Conforme a la Ley Org\u00e1nica 15\/1999, de 13 de diciembre, de protecci\u00f3n de datos de car\u00e1cter personal (en adelante LOPD) y al Real Decreto 1720\/2007, de 21 de diciembre, por el que se aprueba el reglamento de desarrollo de la LOPD (en adelante RDLOPD), se informa al usuario que voluntariamente\u2026","rel":"","context":"Entrada similar","img":{"alt_text":"","src":"","width":0,"height":0},"classes":[]},{"id":1907,"url":"http:\/\/veracruzdemontilla.com\/?page_id=1907","url_meta":{"origin":217,"position":2},"title":"Magno V\u00eda Crucis","date":"27 marzo, 2025","format":false,"excerpt":"C\u00f3rdoba V\u00eda Sacra de Occidente V\u00eddeo promocional MagnoVCOR25 realizado por La Sangre y La Gloria El 11 de octubre de 2025, en el marco de los actos conmemorativos del 600 aniversario de la instauraci\u00f3n del rezo del v\u00eda crucis en la Iglesia de Occidente de la mano del beato \u00c1lvaro\u2026","rel":"","context":"Entrada similar","img":{"alt_text":"","src":"https:\/\/i2.wp.com\/veracruzdemontilla.com\/wp-content\/uploads\/2025\/03\/Via-Crucis-Magno_Zacatecas.jpg?fit=960%2C1200&resize=350%2C200","width":350,"height":200},"classes":[]},{"id":2,"url":"http:\/\/veracruzdemontilla.com\/?page_id=2","url_meta":{"origin":217,"position":3},"title":"Historia","date":"23 julio, 2013","format":false,"excerpt":"El mes de abril de 2005 trajo para los hermanos de la Santa Vera Cruz una magn\u00edfica noticia: el obispo de C\u00f3rdoba, Juan Jos\u00e9 Asenjo, confirmaba la erecci\u00f3n can\u00f3nica de la Hermandad m\u00e1s antigua de la localidad, cuyas primeras referencias hist\u00f3ricas datan de la primera mitad del siglo XVI. Desde\u2026","rel":"","context":"Entrada similar","img":{"alt_text":"","src":"https:\/\/i0.wp.com\/veracruzdemontilla.com\/wp-content\/uploads\/2013\/07\/historia1a-300x225.jpg?resize=350%2C200","width":350,"height":200},"classes":[]},{"id":227,"url":"http:\/\/veracruzdemontilla.com\/?page_id=227","url_meta":{"origin":217,"position":4},"title":"Estaci\u00f3n de Penitencia","date":"24 julio, 2013","format":false,"excerpt":"La Estaci\u00f3n de Penitencia de la Cofrad\u00eda de la Santa Vera Cruz tiene lugar en la tarde-noche del Martes Santo, tal y como recogen sus estatutos. En ese momento, las puertas de la Iglesia parroquial de Santiago se abren al pueblo de Montilla, que se enluta bajo la imponente torre\u2026","rel":"","context":"Entrada similar","img":{"alt_text":"","src":"","width":0,"height":0},"classes":[]},{"id":211,"url":"http:\/\/veracruzdemontilla.com\/?page_id=211","url_meta":{"origin":217,"position":5},"title":"Santa Mar\u00eda del Socorro","date":"24 julio, 2013","format":false,"excerpt":"El domingo 11 de diciembre de 2005, la parroquia de Santiago Ap\u00f3stol se visti\u00f3 de gala para acoger la solemne bendici\u00f3n de la nueva imagen de Santa Mar\u00eda del Socorro, cotitular de la Cofrad\u00eda Penitencial de la Santa Vera Cruz. En una eucarist\u00eda presidida por el can\u00f3nigo magistral de la\u2026","rel":"","context":"Entrada similar","img":{"alt_text":"","src":"https:\/\/i2.wp.com\/veracruzdemontilla.com\/wp-content\/uploads\/2025\/04\/101013147_10217375191591077_8297386502405488640_n.jpg?resize=350%2C200","width":350,"height":200},"classes":[]}],"_links":{"self":[{"href":"http:\/\/veracruzdemontilla.com\/index.php?rest_route=\/wp\/v2\/pages\/217"}],"collection":[{"href":"http:\/\/veracruzdemontilla.com\/index.php?rest_route=\/wp\/v2\/pages"}],"about":[{"href":"http:\/\/veracruzdemontilla.com\/index.php?rest_route=\/wp\/v2\/types\/page"}],"author":[{"embeddable":true,"href":"http:\/\/veracruzdemontilla.com\/index.php?rest_route=\/wp\/v2\/users\/1"}],"replies":[{"embeddable":true,"href":"http:\/\/veracruzdemontilla.com\/index.php?rest_route=%2Fwp%2Fv2%2Fcomments&post=217"}],"version-history":[{"count":3,"href":"http:\/\/veracruzdemontilla.com\/index.php?rest_route=\/wp\/v2\/pages\/217\/revisions"}],"predecessor-version":[{"id":221,"href":"http:\/\/veracruzdemontilla.com\/index.php?rest_route=\/wp\/v2\/pages\/217\/revisions\/221"}],"wp:attachment":[{"href":"http:\/\/veracruzdemontilla.com\/index.php?rest_route=%2Fwp%2Fv2%2Fmedia&parent=217"}],"curies":[{"name":"wp","href":"https:\/\/api.w.org\/{rel}","templated":true}]}}