{"id":203,"date":"2013-07-24T10:11:04","date_gmt":"2013-07-24T10:11:04","guid":{"rendered":"http:\/\/veracruzdemontilla.com\/?page_id=203"},"modified":"2025-03-27T18:54:34","modified_gmt":"2025-03-27T16:54:34","slug":"santo-cristo-de-zacatecas","status":"publish","type":"page","link":"http:\/\/veracruzdemontilla.com\/?page_id=203","title":{"rendered":"Santo Cristo de Zacatecas"},"content":{"rendered":"<p align=\"justify\"><img class=\"alignleft\" src=\"https:\/\/i1.wp.com\/2.bp.blogspot.com\/_jhjBGUaSeKE\/S0IHh2zi92I\/AAAAAAAAAQo\/-rND4wafn3E\/s320\/zacatecas1a.jpg\" alt=\"\" data-recalc-dims=\"1\" \/>El Santo Cristo de Zacatecas es uno de los mejores exponentes del barroco colonial que llevaron los espa\u00f1oles a las Indias. De tama\u00f1o superior al acad\u00e9mico y con una altura de 210 cent\u00edmetros, la imagen est\u00e1 construida con una mezcla de fibras vegetales de ca\u00f1a de ma\u00edz y encolados.La imagen fue donada a la Cofrad\u00eda de la Santa Vera Cruz por el montillano Andr\u00e9s de Mesa en 1576 y en ese momento pas\u00f3 a presidir el altar mayor de la desaparecida Ermita de la Vera Cruz, uno de los templos m\u00e1s antiguos de la villa. El edificio, con tres naves y dos puertas, estaba situado en la cumbre de la cuesta de la Vera Cruz, donde hab\u00eda un llano o plaza con el mismo nombre y que hoy es conocida como Cuesta del Silencio.<\/p>\n<p align=\"justify\">En 1720 se culmin\u00f3 el nuevo retablo mayor de la ermita, presidido por el Santo Cristo de Zacatecas.Tal y como relata un manuscrito de la \u00e9poca, el pueblo decidi\u00f3 encomendarse a este crucificado en la primavera de 1727, tras una larga temporada de sequ\u00eda; despu\u00e9s de dedicar los solemnes cultos y con el cielo totalmente despejado, comenz\u00f3 un desfile procesional por las calles de la localidad que se vio repentinamente interrumpido por una impresionante tromba de agua que oblig\u00f3 al cortejo a cobijarse en el convento de Santa Clara. La lluvia, que dur\u00f3 varios d\u00edas, saci\u00f3 la sed que ven\u00edan sufriendo desde hac\u00eda algunos meses los campos montillanos y que amenazaba seriamente los v\u00edveres para el a\u00f1o siguiente.<\/p>\n<p><img id=\"BLOGGER_PHOTO_ID_5422906049073640114\" class=\"aligncenter\" src=\"https:\/\/i0.wp.com\/3.bp.blogspot.com\/_jhjBGUaSeKE\/S0IIUeFZ8rI\/AAAAAAAAARA\/xXjJMEr73ho\/s320\/zacatecas3a.jpg\" alt=\"\" border=\"0\" data-recalc-dims=\"1\" \/><\/p>\n<p align=\"justify\">La Ermita de la Vera Cruz se vio sorprendida por la invasi\u00f3n francesa en 1809. Por ello, la cofrad\u00eda tuvo que desalojar el templo urgentemente, trasladando las im\u00e1genes a la Parroquia de Santiago. Cuando los rebeldes franceses abandonar el templo de la Vera Cruz, lo expoliaron y lo redujeron a cenizas. En 1816, el Ayuntamiento y la Parroquia de Santiago deciden edificar un cementerio para la ciudad en el llano de la Vera Cruz, derrib\u00e1ndose as\u00ed lo poco que quedaba en pie de la ermita y la casa del sacrist\u00e1n.<\/p>\n<div align=\"justify\"><\/div>\n<div align=\"justify\"><a href=\"https:\/\/i2.wp.com\/2.bp.blogspot.com\/_jhjBGUaSeKE\/S0IHrvd3HKI\/AAAAAAAAAQw\/-jLNrsWXW_o\/s1600-h\/zacatecas2a.jpg\"><img id=\"BLOGGER_PHOTO_ID_5422905349364980898\" class=\"alignleft\" src=\"https:\/\/i0.wp.com\/2.bp.blogspot.com\/_jhjBGUaSeKE\/S0IHrvd3HKI\/AAAAAAAAAQw\/-jLNrsWXW_o\/s320\/zacatecas2a.jpg\" alt=\"\" border=\"0\" data-recalc-dims=\"1\" \/><\/a><\/div>\n<p align=\"justify\">Una vez que la venerable imagen del Se\u00f1or de Zacatecas est\u00e1 en la Parroquia de Santiago, la cofrad\u00eda de la Vera Cruz la ubica en una capilla que hasta entonces hab\u00eda presidido el Cristo de La Yedra y que se encontraba en el lateral del templo en que actualmente se encuentra el sagrario.<\/p>\n<p align=\"justify\">En el siglo XIX, la imagen sufri\u00f3 el robo de su corona y de sus potencias de plata. Afortunadamente, la r\u00e1pida intervenci\u00f3n de la Guardia Civil hizo que el ladr\u00f3n fuera apresado en el camino de Aguilar, cuando emprend\u00eda su huida hacia la localidad vecina. Como escarmiento, los agentes de la Benem\u00e9rita obligaron al delincuente a entrar andando a Montilla, desde la calle Fuente \u00c1lamo y hasta la prisi\u00f3n, mostrando en sus manos la corona y las potencias que hab\u00eda pretendido robar.<\/p>\n<div align=\"justify\"><\/div>\n<p align=\"justify\">Aprovechando unas reformas que se llevaron a cabo en el templo parroquial y que finalizaron en 1932, el Santo Cristo de Zacatecas es trasladado junto con su retablo, a la capilla que hasta entonces hab\u00eda sido del Sant\u00edsimo o del Sagrario. A partir de entonces, la Cofrad\u00eda pasar\u00e1 a denominarse \u201cCofrad\u00eda de \u00c1nimas del Se\u00f1or de Zacatecas\u201d, y se le empiezan a dedicar otros cultos, como un Quinario que ten\u00eda lugar los cinco viernes de Cuaresma.<\/p>\n<div align=\"justify\"><a href=\"https:\/\/i0.wp.com\/4.bp.blogspot.com\/_jhjBGUaSeKE\/S0IIjhUpu-I\/AAAAAAAAARI\/rCxq_hMN8X4\/s1600-h\/zacatecas4a.jpg\"><img id=\"BLOGGER_PHOTO_ID_5422906307640933346\" class=\"alignright\" src=\"https:\/\/i0.wp.com\/4.bp.blogspot.com\/_jhjBGUaSeKE\/S0IIjhUpu-I\/AAAAAAAAARI\/rCxq_hMN8X4\/s200\/zacatecas4a.jpg\" alt=\"\" border=\"0\" data-recalc-dims=\"1\" \/><\/a><\/div>\n<p align=\"justify\">Reci\u00e9n llegado a Montilla el consiliario de honor de la Cofrad\u00eda de la Vera Cruz, Don Antonio Le\u00f3n Ortiz, se sigue dedicando su quinario en Cuaresma durante algunos a\u00f1os. Aprovechando una reforma realizada en la parroquia despu\u00e9s del Concilio Vaticano II, se decide suplir el tabern\u00e1culo que presid\u00eda el templo de estilo neocl\u00e1sico y, en lugar de esta magn\u00edfica obra, se coloca la mesa de jaspe rojo de la sacrist\u00eda. Asimismo, presidiendo el altar, se colg\u00f3 al Santo Cristo de Zacatecas, donde permaneci\u00f3 hasta el a\u00f1o 2003, cuando fue ubicado por la Cofrad\u00eda de la Vera Cruz en su capilla de la Parroquia de Santiago.<\/p>\n<p align=\"justify\">En \u00e9poca m\u00e1s reciente, la imagen del Cristo de Zacatecas ha adquirido gran notoriedad, especialmente al reconocerse sus singularidades. As\u00ed, la exposici\u00f3n <a href=\"https:\/\/www.museodelprado.es\/actualidad\/exposicion\/tornaviaje-arte-iberoamericano-en-espaa\/5c0fe35b-44d3-56fb-a4ba-c192aab9266c\">Tornaviaje. Arte iberoamericano en Espa\u00f1a<\/a> del Museo del Prado (5\/10\/2021-13\/2\/2022), una muestra de arte del per\u00edodo virreinal, sirvi\u00f3 para poner en valor, adem\u00e1s, una obra, que, am\u00e9n de la tradici\u00f3n devocional que atesora, es una pieza art\u00edstica de singular factura hist\u00f3rica debido al sincretismo de materiales y t\u00e9cnicas, que hacen del <a href=\"https:\/\/www.eldiadecordoba.es\/provincia\/Cristo-Zacatecas-Montilla-Museo-Prado_0_1612039329.html\">Cristo de Zacatecas<\/a> una talla moldeada en ca\u00f1a de ma\u00edz, papel amate y estructura en madera de color\u00edn de las mejor conservadas y documentadas de Espa\u00f1a.<\/p>\n<p align=\"justify\"><strong>Cofrad\u00eda Penitencial de la Santa Vera Cruz<\/strong><\/p>\n","protected":false},"excerpt":{"rendered":"<p>El Santo Cristo de Zacatecas es uno de los mejores exponentes del barroco colonial que llevaron los espa\u00f1oles a las Indias. De tama\u00f1o superior al acad\u00e9mico y con una altura de 210 cent\u00edmetros, la imagen est\u00e1 construida con una mezcla de fibras vegetales de ca\u00f1a de ma\u00edz y encolados.La imagen fue donada a la Cofrad\u00eda [&#038;hellip<\/p>\n","protected":false},"author":1,"featured_media":0,"parent":0,"menu_order":0,"comment_status":"open","ping_status":"open","template":"","meta":{"advanced_seo_description":"","spay_email":""},"wpmagazine_modules_lite_featured_media_urls":{"thumbnail":"","cvmm-medium":"","cvmm-medium-plus":"","cvmm-portrait":"","cvmm-medium-square":"","cvmm-large":"","cvmm-small":"","full":""},"categories_names":null,"comments_number":"0","jetpack_sharing_enabled":true,"jetpack_shortlink":"https:\/\/wp.me\/P9INPk-3h","jetpack_likes_enabled":true,"jetpack-related-posts":[{"id":227,"url":"http:\/\/veracruzdemontilla.com\/?page_id=227","url_meta":{"origin":203,"position":0},"title":"Estaci\u00f3n de Penitencia","date":"24 julio, 2013","format":false,"excerpt":"La Estaci\u00f3n de Penitencia de la Cofrad\u00eda de la Santa Vera Cruz tiene lugar en la tarde-noche del Martes Santo, tal y como recogen sus estatutos. En ese momento, las puertas de la Iglesia parroquial de Santiago se abren al pueblo de Montilla, que se enluta bajo la imponente torre\u2026","rel":"","context":"Entrada similar","img":{"alt_text":"","src":"","width":0,"height":0},"classes":[]},{"id":2,"url":"http:\/\/veracruzdemontilla.com\/?page_id=2","url_meta":{"origin":203,"position":1},"title":"Historia","date":"23 julio, 2013","format":false,"excerpt":"El mes de abril de 2005 trajo para los hermanos de la Santa Vera Cruz una magn\u00edfica noticia: el obispo de C\u00f3rdoba, Juan Jos\u00e9 Asenjo, confirmaba la erecci\u00f3n can\u00f3nica de la Hermandad m\u00e1s antigua de la localidad, cuyas primeras referencias hist\u00f3ricas datan de la primera mitad del siglo XVI. Desde\u2026","rel":"","context":"Entrada similar","img":{"alt_text":"","src":"https:\/\/i0.wp.com\/veracruzdemontilla.com\/wp-content\/uploads\/2013\/07\/historia1a-300x225.jpg?resize=350%2C200","width":350,"height":200},"classes":[]},{"id":1739,"url":"http:\/\/veracruzdemontilla.com\/?page_id=1739","url_meta":{"origin":203,"position":2},"title":"El Cristo de Zacatecas, exponente del arte iberoamericano en Tornaviaje","date":"25 octubre, 2021","format":false,"excerpt":"La exposici\u00f3n Tornaviaje. Arte iberoamericano en Espa\u00f1a del Museo del Prado ha sido el marco incomparable para celebrar el 445\u00ba aniversario de la donaci\u00f3n del Santo Cristo de Zacatecas a la Cofrad\u00eda de la Vera Cruz por parte del montillano Andr\u00e9s de Mesa, fechada el 10 de septiembre de 1576.\u2026","rel":"","context":"Entrada similar","img":{"alt_text":"","src":"https:\/\/i0.wp.com\/veracruzdemontilla.com\/wp-content\/uploads\/2021\/10\/Cabecera-Tornaviaje.jpg?resize=350%2C200","width":350,"height":200},"classes":[]},{"id":211,"url":"http:\/\/veracruzdemontilla.com\/?page_id=211","url_meta":{"origin":203,"position":3},"title":"Santa Mar\u00eda del Socorro","date":"24 julio, 2013","format":false,"excerpt":"El domingo 11 de diciembre de 2005, la parroquia de Santiago Ap\u00f3stol se visti\u00f3 de gala para acoger la solemne bendici\u00f3n de la nueva imagen de Santa Mar\u00eda del Socorro, cotitular de la Cofrad\u00eda Penitencial de la Santa Vera Cruz. En una eucarist\u00eda presidida por el can\u00f3nigo magistral de la\u2026","rel":"","context":"Entrada similar","img":{"alt_text":"","src":"https:\/\/i2.wp.com\/veracruzdemontilla.com\/wp-content\/uploads\/2025\/04\/101013147_10217375191591077_8297386502405488640_n.jpg?resize=350%2C200","width":350,"height":200},"classes":[]},{"id":217,"url":"http:\/\/veracruzdemontilla.com\/?page_id=217","url_meta":{"origin":203,"position":4},"title":"Patrimonio","date":"24 julio, 2013","format":false,"excerpt":"El cortejo de la Cofrad\u00eda Penitencial de la Santa Vera Cruz se abre con la Cruz de Gu\u00eda, una pieza an\u00f3nima del siglo XVII, realizada en madera policromada y que alberga la pintura de un crucificado. Asimismo, abriendo el tramo de nazarenos, la Hermandad lleva su estandarte corporativo, realizado en\u2026","rel":"","context":"Entrada similar","img":{"alt_text":"","src":"","width":0,"height":0},"classes":[]},{"id":1907,"url":"http:\/\/veracruzdemontilla.com\/?page_id=1907","url_meta":{"origin":203,"position":5},"title":"Magno V\u00eda Crucis","date":"27 marzo, 2025","format":false,"excerpt":"C\u00f3rdoba V\u00eda Sacra de Occidente V\u00eddeo promocional MagnoVCOR25 realizado por La Sangre y La Gloria El 11 de octubre de 2025, en el marco de los actos conmemorativos del 600 aniversario de la instauraci\u00f3n del rezo del v\u00eda crucis en la Iglesia de Occidente de la mano del beato \u00c1lvaro\u2026","rel":"","context":"Entrada similar","img":{"alt_text":"","src":"https:\/\/i2.wp.com\/veracruzdemontilla.com\/wp-content\/uploads\/2025\/03\/Via-Crucis-Magno_Zacatecas.jpg?fit=960%2C1200&resize=350%2C200","width":350,"height":200},"classes":[]}],"_links":{"self":[{"href":"http:\/\/veracruzdemontilla.com\/index.php?rest_route=\/wp\/v2\/pages\/203"}],"collection":[{"href":"http:\/\/veracruzdemontilla.com\/index.php?rest_route=\/wp\/v2\/pages"}],"about":[{"href":"http:\/\/veracruzdemontilla.com\/index.php?rest_route=\/wp\/v2\/types\/page"}],"author":[{"embeddable":true,"href":"http:\/\/veracruzdemontilla.com\/index.php?rest_route=\/wp\/v2\/users\/1"}],"replies":[{"embeddable":true,"href":"http:\/\/veracruzdemontilla.com\/index.php?rest_route=%2Fwp%2Fv2%2Fcomments&post=203"}],"version-history":[{"count":8,"href":"http:\/\/veracruzdemontilla.com\/index.php?rest_route=\/wp\/v2\/pages\/203\/revisions"}],"predecessor-version":[{"id":1942,"href":"http:\/\/veracruzdemontilla.com\/index.php?rest_route=\/wp\/v2\/pages\/203\/revisions\/1942"}],"wp:attachment":[{"href":"http:\/\/veracruzdemontilla.com\/index.php?rest_route=%2Fwp%2Fv2%2Fmedia&parent=203"}],"curies":[{"name":"wp","href":"https:\/\/api.w.org\/{rel}","templated":true}]}}