{"id":2,"date":"2013-07-23T11:20:51","date_gmt":"2013-07-23T11:20:51","guid":{"rendered":"http:\/\/veracruzdemontilla.com\/?page_id=2"},"modified":"2014-06-05T10:11:53","modified_gmt":"2014-06-05T08:11:53","slug":"pagina-ejemplo","status":"publish","type":"page","link":"http:\/\/veracruzdemontilla.com\/?page_id=2","title":{"rendered":"Historia"},"content":{"rendered":"<p style=\"text-align: justify;\" align=\"justify\">El mes de abril de 2005 trajo para los hermanos de la Santa Vera Cruz una magn\u00edfica noticia: el obispo de C\u00f3rdoba, Juan Jos\u00e9 Asenjo, confirmaba la erecci\u00f3n can\u00f3nica de la Hermandad m\u00e1s antigua de la localidad, cuyas primeras referencias hist\u00f3ricas datan de la primera mitad del siglo XVI.<\/p>\n<p><img data-attachment-id=\"195\" data-permalink=\"http:\/\/veracruzdemontilla.com\/?attachment_id=195\" data-orig-file=\"https:\/\/i0.wp.com\/veracruzdemontilla.com\/wp-content\/uploads\/2013\/07\/historia2a.jpg?fit=213%2C320\" data-orig-size=\"213,320\" data-comments-opened=\"1\" data-image-meta=\"{&quot;aperture&quot;:&quot;0&quot;,&quot;credit&quot;:&quot;&quot;,&quot;camera&quot;:&quot;&quot;,&quot;caption&quot;:&quot;&quot;,&quot;created_timestamp&quot;:&quot;0&quot;,&quot;copyright&quot;:&quot;&quot;,&quot;focal_length&quot;:&quot;0&quot;,&quot;iso&quot;:&quot;0&quot;,&quot;shutter_speed&quot;:&quot;0&quot;,&quot;title&quot;:&quot;&quot;}\" data-image-title=\"historia2a\" data-image-description=\"\" data-image-caption=\"\" data-medium-file=\"https:\/\/i0.wp.com\/veracruzdemontilla.com\/wp-content\/uploads\/2013\/07\/historia2a.jpg?fit=199%2C300\" data-large-file=\"https:\/\/i0.wp.com\/veracruzdemontilla.com\/wp-content\/uploads\/2013\/07\/historia2a.jpg?fit=213%2C320\" loading=\"lazy\" class=\"size-medium wp-image-195 alignright\" src=\"https:\/\/i0.wp.com\/veracruzdemontilla.com\/wp-content\/uploads\/2013\/07\/historia2a.jpg?resize=199%2C300\" alt=\"historia2a\" width=\"199\" height=\"300\" srcset=\"https:\/\/i0.wp.com\/veracruzdemontilla.com\/wp-content\/uploads\/2013\/07\/historia2a.jpg?resize=199%2C300 199w, https:\/\/i0.wp.com\/veracruzdemontilla.com\/wp-content\/uploads\/2013\/07\/historia2a.jpg?w=213 213w\" sizes=\"(max-width: 199px) 100vw, 199px\" data-recalc-dims=\"1\" \/><\/p>\n<p style=\"text-align: justify;\">Desde el a\u00f1o 2000, un grupo de j\u00f3venes se propuso rescatar las interesantes ra\u00edces de esta cofrad\u00eda que condensa\u00a0m\u00e1s de cuatro siglos de historia. \u00abLa Junta de Gobierno, con la inestimable colaboraci\u00f3n\u00a0de su consiliario, Miguel Varona Villar, se plante\u00f3 como objetivo primordial recuperar la primitiva esencia cofrade que, desde sus or\u00edgenes all\u00e1 por 1535, promovi\u00f3 en Montilla el culto y la veneraci\u00f3n al Santo Cristo de Zacatecas y a Nuestra Se\u00f1ora del Socorro\u00bb, explic\u00f3 el Hermano Mayor de la cofrad\u00eda, Antonio Luis Jim\u00e9nez.<\/p>\n<p style=\"text-align: justify;\"><span style=\"text-align: justify;\">La hermandad, que durante siglos celebr\u00f3 la Invenci\u00f3n de la Cruz, una festividad que congregaba cada 3 de mayo a centenares de montillanos en torno a la desaparecida ermita de la Vera Cruz, \u00abha acogido con gran satisfacci\u00f3n la aprobaci\u00f3n del estatuto marco por parte del Obispado, as\u00ed como el reconocimiento de su antig\u00fcedad\u00bb, seg\u00fan afirm\u00f3 el responsable de la corporaci\u00f3n.<\/span><\/p>\n<p style=\"text-align: justify;\">Aunque el origen de la veneraci\u00f3n a la Santa Cruz se remonta al a\u00f1o 292, cuando la emperatriz Elena pidi\u00f3 autorizaci\u00f3n a su esposo Constancio Cloro para buscar la reliquia del Sagrado Madero en Tierra Santa, la devoci\u00f3n popular no llega a Montilla hasta bien entrado el siglo XVI.<\/p>\n<p style=\"text-align: justify;\">\u00abEntre 1541 y 1557, bajo el mandato del obispo Leopoldo de Austria, se fundan en la di\u00f3cesis de C\u00f3rdoba la mayor\u00eda de las cofrad\u00edas de la Santa Vera Cruz de la provincia\u00bb, coment\u00f3 Antonio Luis Jim\u00e9nez, quien asegur\u00f3 que \u00aben Montilla tenemos constancia documental del culto y veneraci\u00f3n a la Santa Cruz desde los primeros lustros de la Edad Moderna\u00bb.<\/p>\n<p><img loading=\"lazy\" class=\"alignleft\" src=\"https:\/\/i1.wp.com\/veracruzdemontilla.com\/wp-content\/uploads\/2013\/07\/historia1a.jpg?resize=300%2C225\" alt=\"historia1a\" width=\"300\" height=\"225\" data-recalc-dims=\"1\" \/><\/p>\n<p style=\"text-align: justify;\">De hecho, la primera y m\u00e1s importante reliquia de la pasi\u00f3n y muerte de Jesucristo lleg\u00f3 a la villa de Montilla gracias a una donaci\u00f3n que hizo el cardenal presidente del Concilio de Trento al Duque de Feria, G\u00f3mez de Figueroa. \u00abAdem\u00e1s, junto al lignum crucis, se hizo llegar una de las espinas de la corona de Jesucristo que a\u00fan se conserva en el convento de Santa Clara\u00bb, explic\u00f3 Antonio Luis Jim\u00e9nez, quien destac\u00f3 que \u00abse concedi\u00f3 tambi\u00e9n una indulgencia perpetua de cien d\u00edas de perd\u00f3n a todos los que visitaren el templo en que se encontraba la reliquia a lo largo de cinco d\u00edas al a\u00f1o\u00bb.<\/p>\n<p style=\"text-align: justify;\"><strong>Cofrad\u00eda Penitencial de la Santa Vera Cruz.<\/strong><\/p>\n","protected":false},"excerpt":{"rendered":"<p>El mes de abril de 2005 trajo para los hermanos de la Santa Vera Cruz una magn\u00edfica noticia: el obispo de C\u00f3rdoba, Juan Jos\u00e9 Asenjo, confirmaba la erecci\u00f3n can\u00f3nica de la Hermandad m\u00e1s antigua de la localidad, cuyas primeras referencias hist\u00f3ricas datan de la primera mitad del siglo XVI. Desde el a\u00f1o 2000, un grupo [&#038;hellip<\/p>\n","protected":false},"author":1,"featured_media":0,"parent":0,"menu_order":0,"comment_status":"open","ping_status":"open","template":"","meta":{"advanced_seo_description":"","spay_email":""},"wpmagazine_modules_lite_featured_media_urls":{"thumbnail":"","cvmm-medium":"","cvmm-medium-plus":"","cvmm-portrait":"","cvmm-medium-square":"","cvmm-large":"","cvmm-small":"","full":""},"categories_names":null,"comments_number":"0","jetpack_sharing_enabled":true,"jetpack_shortlink":"https:\/\/wp.me\/P9INPk-2","jetpack_likes_enabled":true,"jetpack-related-posts":[{"id":211,"url":"http:\/\/veracruzdemontilla.com\/?page_id=211","url_meta":{"origin":2,"position":0},"title":"Santa Mar\u00eda del Socorro","date":"24 julio, 2013","format":false,"excerpt":"El domingo 11 de diciembre de 2005, la parroquia de Santiago Ap\u00f3stol se visti\u00f3 de gala para acoger la solemne bendici\u00f3n de la nueva imagen de Santa Mar\u00eda del Socorro, cotitular de la Cofrad\u00eda Penitencial de la Santa Vera Cruz. En una eucarist\u00eda presidida por el can\u00f3nigo magistral de la\u2026","rel":"","context":"Entrada similar","img":{"alt_text":"","src":"https:\/\/i2.wp.com\/veracruzdemontilla.com\/wp-content\/uploads\/2025\/04\/101013147_10217375191591077_8297386502405488640_n.jpg?resize=350%2C200","width":350,"height":200},"classes":[]},{"id":203,"url":"http:\/\/veracruzdemontilla.com\/?page_id=203","url_meta":{"origin":2,"position":1},"title":"Santo Cristo de Zacatecas","date":"24 julio, 2013","format":false,"excerpt":"El Santo Cristo de Zacatecas es uno de los mejores exponentes del barroco colonial que llevaron los espa\u00f1oles a las Indias. De tama\u00f1o superior al acad\u00e9mico y con una altura de 210 cent\u00edmetros, la imagen est\u00e1 construida con una mezcla de fibras vegetales de ca\u00f1a de ma\u00edz y encolados.La imagen\u2026","rel":"","context":"Entrada similar","img":{"alt_text":"","src":"","width":0,"height":0},"classes":[]},{"id":227,"url":"http:\/\/veracruzdemontilla.com\/?page_id=227","url_meta":{"origin":2,"position":2},"title":"Estaci\u00f3n de Penitencia","date":"24 julio, 2013","format":false,"excerpt":"La Estaci\u00f3n de Penitencia de la Cofrad\u00eda de la Santa Vera Cruz tiene lugar en la tarde-noche del Martes Santo, tal y como recogen sus estatutos. En ese momento, las puertas de la Iglesia parroquial de Santiago se abren al pueblo de Montilla, que se enluta bajo la imponente torre\u2026","rel":"","context":"Entrada similar","img":{"alt_text":"","src":"","width":0,"height":0},"classes":[]},{"id":1739,"url":"http:\/\/veracruzdemontilla.com\/?page_id=1739","url_meta":{"origin":2,"position":3},"title":"El Cristo de Zacatecas, exponente del arte iberoamericano en Tornaviaje","date":"25 octubre, 2021","format":false,"excerpt":"La exposici\u00f3n Tornaviaje. Arte iberoamericano en Espa\u00f1a del Museo del Prado ha sido el marco incomparable para celebrar el 445\u00ba aniversario de la donaci\u00f3n del Santo Cristo de Zacatecas a la Cofrad\u00eda de la Vera Cruz por parte del montillano Andr\u00e9s de Mesa, fechada el 10 de septiembre de 1576.\u2026","rel":"","context":"Entrada similar","img":{"alt_text":"","src":"https:\/\/i0.wp.com\/veracruzdemontilla.com\/wp-content\/uploads\/2021\/10\/Cabecera-Tornaviaje.jpg?resize=350%2C200","width":350,"height":200},"classes":[]},{"id":1549,"url":"http:\/\/veracruzdemontilla.com\/?page_id=1549","url_meta":{"origin":2,"position":4},"title":"Pol\u00edtica de privacidad","date":"19 abril, 2018","format":false,"excerpt":"Conforme a la Ley Org\u00e1nica 15\/1999, de 13 de diciembre, de protecci\u00f3n de datos de car\u00e1cter personal (en adelante LOPD) y al Real Decreto 1720\/2007, de 21 de diciembre, por el que se aprueba el reglamento de desarrollo de la LOPD (en adelante RDLOPD), se informa al usuario que voluntariamente\u2026","rel":"","context":"Entrada similar","img":{"alt_text":"","src":"","width":0,"height":0},"classes":[]},{"id":1907,"url":"http:\/\/veracruzdemontilla.com\/?page_id=1907","url_meta":{"origin":2,"position":5},"title":"Magno V\u00eda Crucis","date":"27 marzo, 2025","format":false,"excerpt":"C\u00f3rdoba V\u00eda Sacra de Occidente V\u00eddeo promocional MagnoVCOR25 realizado por La Sangre y La Gloria El 11 de octubre de 2025, en el marco de los actos conmemorativos del 600 aniversario de la instauraci\u00f3n del rezo del v\u00eda crucis en la Iglesia de Occidente de la mano del beato \u00c1lvaro\u2026","rel":"","context":"Entrada similar","img":{"alt_text":"","src":"https:\/\/i2.wp.com\/veracruzdemontilla.com\/wp-content\/uploads\/2025\/03\/Via-Crucis-Magno_Zacatecas.jpg?fit=960%2C1200&resize=350%2C200","width":350,"height":200},"classes":[]}],"_links":{"self":[{"href":"http:\/\/veracruzdemontilla.com\/index.php?rest_route=\/wp\/v2\/pages\/2"}],"collection":[{"href":"http:\/\/veracruzdemontilla.com\/index.php?rest_route=\/wp\/v2\/pages"}],"about":[{"href":"http:\/\/veracruzdemontilla.com\/index.php?rest_route=\/wp\/v2\/types\/page"}],"author":[{"embeddable":true,"href":"http:\/\/veracruzdemontilla.com\/index.php?rest_route=\/wp\/v2\/users\/1"}],"replies":[{"embeddable":true,"href":"http:\/\/veracruzdemontilla.com\/index.php?rest_route=%2Fwp%2Fv2%2Fcomments&post=2"}],"version-history":[{"count":10,"href":"http:\/\/veracruzdemontilla.com\/index.php?rest_route=\/wp\/v2\/pages\/2\/revisions"}],"predecessor-version":[{"id":844,"href":"http:\/\/veracruzdemontilla.com\/index.php?rest_route=\/wp\/v2\/pages\/2\/revisions\/844"}],"wp:attachment":[{"href":"http:\/\/veracruzdemontilla.com\/index.php?rest_route=%2Fwp%2Fv2%2Fmedia&parent=2"}],"curies":[{"name":"wp","href":"https:\/\/api.w.org\/{rel}","templated":true}]}}