{"id":1953,"date":"2025-03-29T18:54:54","date_gmt":"2025-03-29T16:54:54","guid":{"rendered":"https:\/\/veracruzdemontilla.com\/?page_id=1953"},"modified":"2026-04-07T16:31:30","modified_gmt":"2026-04-07T14:31:30","slug":"galeria-de-videos","status":"publish","type":"page","link":"http:\/\/veracruzdemontilla.com\/?page_id=1953","title":{"rendered":"Galer\u00eda de v\u00eddeos"},"content":{"rendered":"<p><iframe loading=\"lazy\" width=\"600\" height=\"315\" src=\"https:\/\/www.youtube.com\/embed\/pfHTgk_uOCU?si=hfYmBecuX7dAaJRX\" title=\"YouTube video player\" frameborder=\"0\" allow=\"accelerometer; autoplay; clipboard-write; encrypted-media; gyroscope; picture-in-picture; web-share\" referrerpolicy=\"strict-origin-when-cross-origin\" allowfullscreen><\/iframe><\/p>\n<p><iframe loading=\"lazy\" width=\"600\" height=\"315\" src=\"https:\/\/www.youtube.com\/embed\/ERwNZAx0bek?si=4s0nXYg66N5nduL2\" title=\"YouTube video player\" frameborder=\"0\" allow=\"accelerometer; autoplay; clipboard-write; encrypted-media; gyroscope; picture-in-picture; web-share\" referrerpolicy=\"strict-origin-when-cross-origin\" allowfullscreen=\"\"><\/iframe><\/p>\n<p><iframe loading=\"lazy\" width=\"600\" height=\"315\" src=\"https:\/\/www.youtube.com\/embed\/2N4boG4Y2UU?si=9f21yrPib7RxIpH3\" title=\"YouTube video player\" frameborder=\"0\" allow=\"accelerometer; autoplay; clipboard-write; encrypted-media; gyroscope; picture-in-picture; web-share\" referrerpolicy=\"strict-origin-when-cross-origin\" allowfullscreen=\"\"><\/iframe><\/p>\n<p><iframe loading=\"lazy\" width=\"600\" height=\"315\" src=\"https:\/\/www.youtube.com\/embed\/teyW36dFPgg?si=Po63Bxx4C0hp6ynb\" title=\"YouTube video player\" frameborder=\"0\" allow=\"accelerometer; autoplay; clipboard-write; encrypted-media; gyroscope; picture-in-picture; web-share\" referrerpolicy=\"strict-origin-when-cross-origin\" allowfullscreen=\"\"><\/iframe><\/p>\n<p><iframe loading=\"lazy\" width=\"600\" height=\"315\" src=\"https:\/\/www.youtube.com\/embed\/OHqj5BUtyBQ?si=rlIX-nudKMzw5Nef\" title=\"YouTube video player\" frameborder=\"0\" allow=\"accelerometer; autoplay; clipboard-write; encrypted-media; gyroscope; picture-in-picture; web-share\" referrerpolicy=\"strict-origin-when-cross-origin\" allowfullscreen=\"\"><\/iframe><\/p>\n<p><iframe loading=\"lazy\" width=\"600\" height=\"315\" src=\"https:\/\/www.youtube.com\/embed\/_eFY4fIIfhg?si=7w8ziGig-miIAESS\" title=\"YouTube video player\" frameborder=\"0\" allow=\"accelerometer; autoplay; clipboard-write; encrypted-media; gyroscope; picture-in-picture; web-share\" referrerpolicy=\"strict-origin-when-cross-origin\" allowfullscreen=\"\"><\/iframe><\/p>\n<p><iframe loading=\"lazy\" width=\"600\" height=\"315\" src=\"https:\/\/www.youtube.com\/embed\/NqbqqtJy3cE?si=z5GtiFcQRZAZ1yI0\" title=\"YouTube video player\" frameborder=\"0\" allow=\"accelerometer; autoplay; clipboard-write; encrypted-media; gyroscope; picture-in-picture; web-share\" referrerpolicy=\"strict-origin-when-cross-origin\" allowfullscreen=\"\"><\/iframe><\/p>\n<p><iframe loading=\"lazy\" width=\"600\" height=\"315\" src=\"https:\/\/www.youtube.com\/embed\/KbnoTeIHPqk?si=rKEIprkME2lPeQg2\" title=\"YouTube video player\" frameborder=\"0\" allow=\"accelerometer; autoplay; clipboard-write; encrypted-media; gyroscope; picture-in-picture; web-share\" referrerpolicy=\"strict-origin-when-cross-origin\" allowfullscreen=\"\"><\/iframe><\/p>\n<p><iframe loading=\"lazy\" width=\"600\" height=\"315\" src=\"https:\/\/www.youtube.com\/embed\/G0F1cUEe-7g?si=ROCwuLHzd9GaTB7Q\" title=\"YouTube video player\" frameborder=\"0\" allow=\"accelerometer; autoplay; clipboard-write; encrypted-media; gyroscope; picture-in-picture; web-share\" referrerpolicy=\"strict-origin-when-cross-origin\" allowfullscreen=\"\"><\/iframe><\/p>\n<p><iframe loading=\"lazy\" width=\"600\" height=\"315\" src=\"https:\/\/www.youtube.com\/embed\/8cm1dBlWvqM?si=zcy4kzbgb39p_XNj\" title=\"YouTube video player\" frameborder=\"0\" allow=\"accelerometer; autoplay; clipboard-write; encrypted-media; gyroscope; picture-in-picture; web-share\" referrerpolicy=\"strict-origin-when-cross-origin\" allowfullscreen=\"\"><\/iframe><\/p>\n<figure class=\"wp-block-video\"><video controls poster=\"http:\/\/veracruzdemontilla.com\/wp-content\/uploads\/2025\/03\/Andalucia-en-SS-scaled.jpg\" src=\"http:\/\/veracruzdemontilla.com\/wp-content\/uploads\/2025\/03\/Andalucia-en-Semana-Santa-2023.mp4\"><\/video><\/figure>\n<p><iframe loading=\"lazy\" width=\"600\" height=\"315\" src=\"https:\/\/www.youtube.com\/embed\/Bxu-9biYXU8?si=tuszI6y0fPQbGf5O\" title=\"YouTube video player\" frameborder=\"0\" allow=\"accelerometer; autoplay; clipboard-write; encrypted-media; gyroscope; picture-in-picture; web-share\" referrerpolicy=\"strict-origin-when-cross-origin\" allowfullscreen=\"\"><\/iframe><\/p>\n<p><iframe loading=\"lazy\" width=\"600\" height=\"315\" src=\"https:\/\/www.youtube.com\/embed\/yzeB1e0L5xA?si=quqwdUKrgmFOEeNb\" title=\"YouTube video player\" frameborder=\"0\" allow=\"accelerometer; autoplay; clipboard-write; encrypted-media; gyroscope; picture-in-picture; web-share\" referrerpolicy=\"strict-origin-when-cross-origin\" allowfullscreen=\"\"><\/iframe><\/p>\n<p><iframe loading=\"lazy\" width=\"600\" height=\"315\" src=\"https:\/\/www.youtube.com\/embed\/EdibNhIjMuM?si=t-WP_6MZ4B93w2AW\" title=\"YouTube video player\" frameborder=\"0\" allow=\"accelerometer; autoplay; clipboard-write; encrypted-media; gyroscope; picture-in-picture; web-share\" referrerpolicy=\"strict-origin-when-cross-origin\" allowfullscreen=\"\"><\/iframe><\/p>\n<p><iframe loading=\"lazy\" width=\"600\" height=\"315\" src=\"https:\/\/www.youtube.com\/embed\/ZfyCi5oujlA?si=AyS8keQ7v3bTpy1u\" title=\"YouTube video player\" frameborder=\"0\" allow=\"accelerometer; autoplay; clipboard-write; encrypted-media; gyroscope; picture-in-picture; web-share\" referrerpolicy=\"strict-origin-when-cross-origin\" allowfullscreen=\"\"><\/iframe><\/p>\n","protected":false},"excerpt":{"rendered":"","protected":false},"author":1,"featured_media":0,"parent":0,"menu_order":0,"comment_status":"closed","ping_status":"closed","template":"","meta":{"advanced_seo_description":"","spay_email":""},"wpmagazine_modules_lite_featured_media_urls":{"thumbnail":"","cvmm-medium":"","cvmm-medium-plus":"","cvmm-portrait":"","cvmm-medium-square":"","cvmm-large":"","cvmm-small":"","full":""},"categories_names":null,"comments_number":"0","jetpack_sharing_enabled":true,"jetpack_shortlink":"https:\/\/wp.me\/P9INPk-vv","jetpack_likes_enabled":true,"jetpack-related-posts":[{"id":2186,"url":"http:\/\/veracruzdemontilla.com\/?page_id=2186","url_meta":{"origin":1953,"position":0},"title":"Galer\u00eda de fotos","date":"19 abril, 2025","format":false,"excerpt":"Estaci\u00f3n de penitencia 2025","rel":"","context":"Entrada similar","img":{"alt_text":"","src":"https:\/\/i0.wp.com\/veracruzdemontilla.com\/wp-content\/uploads\/2025\/04\/WhatsApp-Image-2025-04-14-at-13.46.34.jpeg?resize=350%2C200","width":350,"height":200},"classes":[]},{"id":211,"url":"http:\/\/veracruzdemontilla.com\/?page_id=211","url_meta":{"origin":1953,"position":1},"title":"Santa Mar\u00eda del Socorro","date":"24 julio, 2013","format":false,"excerpt":"El domingo 11 de diciembre de 2005, la parroquia de Santiago Ap\u00f3stol se visti\u00f3 de gala para acoger la solemne bendici\u00f3n de la nueva imagen de Santa Mar\u00eda del Socorro, cotitular de la Cofrad\u00eda Penitencial de la Santa Vera Cruz. En una eucarist\u00eda presidida por el can\u00f3nigo magistral de la\u2026","rel":"","context":"Entrada similar","img":{"alt_text":"","src":"https:\/\/i2.wp.com\/veracruzdemontilla.com\/wp-content\/uploads\/2025\/04\/101013147_10217375191591077_8297386502405488640_n.jpg?resize=350%2C200","width":350,"height":200},"classes":[]},{"id":230,"url":"http:\/\/veracruzdemontilla.com\/?page_id=230","url_meta":{"origin":1953,"position":2},"title":"Resumen hist\u00f3rico","date":"24 julio, 2013","format":false,"excerpt":"Creado el 27 de febrero de 1566, como Tercio de \u00a0Figueroa, tomando su nombre de su Primer Maestre de Campo Don Lope de Figueroa, como era costumbre en aquella \u00e9poca. Aparece como Tercio Extraordinario debido a la presi\u00f3n que ejerc\u00eda en nuestro pa\u00eds la guerra contra los Pa\u00edses Bajos, teniendo\u2026","rel":"","context":"Entrada similar","img":{"alt_text":"Acompa\u00f1amiento musical de la banda del RAC n\u00ba 10.","src":"https:\/\/i1.wp.com\/veracruzdemontilla.com\/wp-content\/uploads\/2013\/07\/DSC00474.jpg?resize=350%2C200","width":350,"height":200},"classes":[]},{"id":227,"url":"http:\/\/veracruzdemontilla.com\/?page_id=227","url_meta":{"origin":1953,"position":3},"title":"Estaci\u00f3n de Penitencia","date":"24 julio, 2013","format":false,"excerpt":"La Estaci\u00f3n de Penitencia de la Cofrad\u00eda de la Santa Vera Cruz tiene lugar en la tarde-noche del Martes Santo, tal y como recogen sus estatutos. En ese momento, las puertas de la Iglesia parroquial de Santiago se abren al pueblo de Montilla, que se enluta bajo la imponente torre\u2026","rel":"","context":"Entrada similar","img":{"alt_text":"","src":"","width":0,"height":0},"classes":[]},{"id":1549,"url":"http:\/\/veracruzdemontilla.com\/?page_id=1549","url_meta":{"origin":1953,"position":4},"title":"Pol\u00edtica de privacidad","date":"19 abril, 2018","format":false,"excerpt":"Conforme a la Ley Org\u00e1nica 15\/1999, de 13 de diciembre, de protecci\u00f3n de datos de car\u00e1cter personal (en adelante LOPD) y al Real Decreto 1720\/2007, de 21 de diciembre, por el que se aprueba el reglamento de desarrollo de la LOPD (en adelante RDLOPD), se informa al usuario que voluntariamente\u2026","rel":"","context":"Entrada similar","img":{"alt_text":"","src":"","width":0,"height":0},"classes":[]},{"id":1907,"url":"http:\/\/veracruzdemontilla.com\/?page_id=1907","url_meta":{"origin":1953,"position":5},"title":"Magno V\u00eda Crucis","date":"27 marzo, 2025","format":false,"excerpt":"C\u00f3rdoba V\u00eda Sacra de Occidente V\u00eddeo promocional MagnoVCOR25 realizado por La Sangre y La Gloria El 11 de octubre de 2025, en el marco de los actos conmemorativos del 600 aniversario de la instauraci\u00f3n del rezo del v\u00eda crucis en la Iglesia de Occidente de la mano del beato \u00c1lvaro\u2026","rel":"","context":"Entrada similar","img":{"alt_text":"","src":"https:\/\/i2.wp.com\/veracruzdemontilla.com\/wp-content\/uploads\/2025\/03\/Via-Crucis-Magno_Zacatecas.jpg?fit=960%2C1200&resize=350%2C200","width":350,"height":200},"classes":[]}],"_links":{"self":[{"href":"http:\/\/veracruzdemontilla.com\/index.php?rest_route=\/wp\/v2\/pages\/1953"}],"collection":[{"href":"http:\/\/veracruzdemontilla.com\/index.php?rest_route=\/wp\/v2\/pages"}],"about":[{"href":"http:\/\/veracruzdemontilla.com\/index.php?rest_route=\/wp\/v2\/types\/page"}],"author":[{"embeddable":true,"href":"http:\/\/veracruzdemontilla.com\/index.php?rest_route=\/wp\/v2\/users\/1"}],"replies":[{"embeddable":true,"href":"http:\/\/veracruzdemontilla.com\/index.php?rest_route=%2Fwp%2Fv2%2Fcomments&post=1953"}],"version-history":[{"count":19,"href":"http:\/\/veracruzdemontilla.com\/index.php?rest_route=\/wp\/v2\/pages\/1953\/revisions"}],"predecessor-version":[{"id":2601,"href":"http:\/\/veracruzdemontilla.com\/index.php?rest_route=\/wp\/v2\/pages\/1953\/revisions\/2601"}],"wp:attachment":[{"href":"http:\/\/veracruzdemontilla.com\/index.php?rest_route=%2Fwp%2Fv2%2Fmedia&parent=1953"}],"curies":[{"name":"wp","href":"https:\/\/api.w.org\/{rel}","templated":true}]}}