{"id":1907,"date":"2025-03-27T12:15:39","date_gmt":"2025-03-27T10:15:39","guid":{"rendered":"https:\/\/veracruzdemontilla.com\/?page_id=1907"},"modified":"2025-06-29T23:09:20","modified_gmt":"2025-06-29T21:09:20","slug":"magno-via-crucis","status":"publish","type":"page","link":"http:\/\/veracruzdemontilla.com\/?page_id=1907","title":{"rendered":"Magno V\u00eda Crucis"},"content":{"rendered":"<h2 class=\"has-text-color\" style=\"color:#175e07\">C\u00f3rdoba V\u00eda Sacra de Occidente<\/h2>\n<figure class=\"wp-block-video\"><video controls poster=\"http:\/\/veracruzdemontilla.com\/wp-content\/uploads\/2025\/06\/Caratula.jpg\" src=\"http:\/\/veracruzdemontilla.com\/wp-content\/uploads\/2025\/06\/Video-promocional-del-Magno-Via-Crucis-de-Cordoba-2.mp4\"><\/video><figcaption>V\u00eddeo promocional MagnoVCOR25 realizado por La Sangre y La Gloria<\/figcaption><\/figure>\n<p>El 11 de octubre de 2025, en el marco de los actos conmemorativos del 600 aniversario de la<strong> instauraci\u00f3n del rezo del v\u00eda crucis<\/strong> en la Iglesia de Occidente de la mano del beato \u00c1lvaro de C\u00f3rdoba, la Cofrad\u00eda de la Vera Cruz participar\u00e1 junto a otra hermandades de C\u00f3rdoba y su provincia en esta solemne y magna manifestaci\u00f3n de piedad popular que recorrer\u00e1 las calles de la capital cordobesa hasta la Santa Iglesia Catedral.<\/p>\n<p>Nuestra cofrad\u00eda representar\u00e1 en el cortejo procesional la <strong>s\u00e9ptima estaci\u00f3n<\/strong> (Muerte en la Cruz) del v\u00eda crucis concebido por el beato \u00c1lvaro de C\u00f3rdoba, dentro del segundo bloque de hermandades que procesionar\u00e1n en este magno cortejo que reunir\u00e1 a <strong>33 hermandades y 34 pasos<\/strong>. El Santo Cristo de Zacatecas y Santa Mar\u00eda del Socorro, Madre de Dios y Se\u00f1ora Nuestra, permanecer\u00e1n expuestos en <strong>veneraci\u00f3n p\u00fablica<\/strong> en la Catedral hasta el s\u00e1bado 18 de octubre.<\/p>\n<p><a href=\"https:\/\/i2.wp.com\/veracruzdemontilla.com\/wp-content\/uploads\/2025\/03\/Via-Crucis-Magno_Zacatecas.jpg\"><img data-attachment-id=\"1891\" data-permalink=\"http:\/\/veracruzdemontilla.com\/?attachment_id=1891\" data-orig-file=\"https:\/\/i2.wp.com\/veracruzdemontilla.com\/wp-content\/uploads\/2025\/03\/Via-Crucis-Magno_Zacatecas.jpg?fit=1080%2C1350\" data-orig-size=\"1080,1350\" data-comments-opened=\"0\" data-image-meta=\"{&quot;aperture&quot;:&quot;0&quot;,&quot;credit&quot;:&quot;&quot;,&quot;camera&quot;:&quot;&quot;,&quot;caption&quot;:&quot;&quot;,&quot;created_timestamp&quot;:&quot;0&quot;,&quot;copyright&quot;:&quot;&quot;,&quot;focal_length&quot;:&quot;0&quot;,&quot;iso&quot;:&quot;0&quot;,&quot;shutter_speed&quot;:&quot;0&quot;,&quot;title&quot;:&quot;&quot;,&quot;orientation&quot;:&quot;1&quot;}\" data-image-title=\"V\u00eda Crucis Magno_Zacatecas\" data-image-description=\"\" data-image-caption=\"\" data-medium-file=\"https:\/\/i2.wp.com\/veracruzdemontilla.com\/wp-content\/uploads\/2025\/03\/Via-Crucis-Magno_Zacatecas.jpg?fit=240%2C300\" data-large-file=\"https:\/\/i2.wp.com\/veracruzdemontilla.com\/wp-content\/uploads\/2025\/03\/Via-Crucis-Magno_Zacatecas.jpg?fit=819%2C1024\" loading=\"lazy\" class=\"wp-image-1891  alignleft\" src=\"https:\/\/i2.wp.com\/veracruzdemontilla.com\/wp-content\/uploads\/2025\/03\/Via-Crucis-Magno_Zacatecas.jpg?resize=286%2C358\" alt=\"\" width=\"286\" height=\"358\" srcset=\"https:\/\/i2.wp.com\/veracruzdemontilla.com\/wp-content\/uploads\/2025\/03\/Via-Crucis-Magno_Zacatecas.jpg?resize=240%2C300 240w, https:\/\/i2.wp.com\/veracruzdemontilla.com\/wp-content\/uploads\/2025\/03\/Via-Crucis-Magno_Zacatecas.jpg?resize=819%2C1024 819w, https:\/\/i2.wp.com\/veracruzdemontilla.com\/wp-content\/uploads\/2025\/03\/Via-Crucis-Magno_Zacatecas.jpg?resize=768%2C960 768w, https:\/\/i2.wp.com\/veracruzdemontilla.com\/wp-content\/uploads\/2025\/03\/Via-Crucis-Magno_Zacatecas.jpg?resize=600%2C750 600w, https:\/\/i2.wp.com\/veracruzdemontilla.com\/wp-content\/uploads\/2025\/03\/Via-Crucis-Magno_Zacatecas.jpg?w=1080 1080w\" sizes=\"(max-width: 286px) 100vw, 286px\" data-recalc-dims=\"1\" \/><\/a>Fue el pasado 19 de febrero cuando la cofrad\u00eda recibi\u00f3 la misiva que conten\u00eda la amable invitaci\u00f3n de la Agrupaci\u00f3n de Hermandades y Cofrad\u00eda de C\u00f3rdoba, con la r\u00fabrica de su presidente, D. Manuel Murillo. El 13 de marzo se hizo oficial la participaci\u00f3n de nuestros Sagrados Titulares en este v\u00eda crucis, que se celebrar\u00e1 bajo el lema <em>C\u00f3rdoba: V\u00eda Sacra de Occidente<\/em>, en una rueda de prensa celebrada en la Parroquia de Santiago en la que comparecieron el Rvdo. P. D. Fernando Su\u00e1rez Tapiador, p\u00e1rroco de Santiago y consiliario de la Cofrad\u00eda; D. Florencio Polonio C\u00f3rdoba, hermano mayor de la Cofrad\u00eda Penitencial de la Santa Vera Cruz, as\u00ed como D. Luis Contreras en representaci\u00f3n de la Agrupaci\u00f3n de Cofrad\u00edas de Montilla, con objeto de dar a conocer algunos detalles de esta insigne efem\u00e9ride que, sin duda, contribuir\u00e1 a poner en valor el <strong>patrimonio hist\u00f3rico-art\u00edstico de nuestra parroquia<\/strong>, que, a su vez, lo es de la Semana Santa de nuestra ciudad y de toda la Iglesia diocesana de C\u00f3rdoba.<\/p>\n<p>El inicio del rezo del Santo V\u00eda Crucis en Occidente tuvo su origen en el a\u00f1o 1425 en el <strong>convento dominico de Scala Coeli<\/strong> de la mano del beato cordob\u00e9s \u00c1lvaro de C\u00f3rdoba, patr\u00f3n de las hermandades y cofrad\u00edas de C\u00f3rdoba. De este importante acontecimiento para la fe cat\u00f3lica se cumple en 2025 el VI centenario.<\/p>\n<hr class=\"wp-block-separator\"\/>\n<div id=\"wpmagazine-modules-lite-post-grid-block-2f521860-7105-44c8-9aa0-23a002ed4c1d\" class=\"wpmagazine-modules-lite-post-grid-block alignwide block-2f521860-7105-44c8-9aa0-23a002ed4c1d cvmm-block cvmm-block-post-grid--layout-one\">\n<div class=\"cvmm-post-wrapper cvmm-post--imagemargin column--three\">\n<article post-id=\"post-2509\" class=\"cvmm-post post-format--standard\" itemscope itemtype=\"http:\/\/schema.org\/articleBody\">\n<div class=\"cvmm-post-thumb\">\n                                <a href=\"http:\/\/veracruzdemontilla.com\/?p=2509\" target=\"_blank\"><img src=\"https:\/\/i2.wp.com\/veracruzdemontilla.com\/wp-content\/uploads\/2025\/10\/20230404-VeraCruz-SS-321.png?resize=150%2C150\" alt=\"La banda de guerra de la BRI X de Cerro Muriano abrir\u00e1 la carrera oficial\"\/><\/a>\n                                                            <\/div>\n<h2 class=\"cvmm-post-title\">\n                                <a href=\"http:\/\/veracruzdemontilla.com\/?p=2509\" target=\"_blank\"><br \/>\n                                    La banda de guerra de la BRI X de Cerro Muriano abrir\u00e1 la carrera oficial                                <\/a><br \/>\n                            <\/h2>\n<div class=\"cvmm-post-meta cvmm-meta-icon-hide\">\n                        <span class=\"cvmm-post-date cvmm-post-meta-item\" itemprop=\"datePublished\"><a href=\"http:\/\/veracruzdemontilla.com\/?p=2509\" target=\"_blank\">7 octubre, 2025<\/a><\/span>                    <\/div>\n<div class=\"cvmm-read-more\"><a href=\"http:\/\/veracruzdemontilla.com\/?p=2509\" target=\"_blank\">Leer m\u00e1s<i class=\"fas fa-arrow-right\"><\/i><\/a><\/div>\n<\/article>\n<article post-id=\"post-2490\" class=\"cvmm-post post-format--standard\" itemscope itemtype=\"http:\/\/schema.org\/articleBody\">\n<div class=\"cvmm-post-thumb\">\n                                <a href=\"http:\/\/veracruzdemontilla.com\/?p=2490\" target=\"_blank\"><img src=\"https:\/\/i2.wp.com\/veracruzdemontilla.com\/wp-content\/uploads\/2025\/10\/WhatsApp-Image-2025-10-06-at-11.36.23.jpeg?resize=150%2C150\" alt=\"El obispo preside en la catedral la misa preparatoria para el Magno V\u00eda Crucis\"\/><\/a>\n                                                            <\/div>\n<h2 class=\"cvmm-post-title\">\n                                <a href=\"http:\/\/veracruzdemontilla.com\/?p=2490\" target=\"_blank\"><br \/>\n                                    El obispo preside en la catedral la misa preparatoria para el Magno V\u00eda Crucis                                <\/a><br \/>\n                            <\/h2>\n<div class=\"cvmm-post-meta cvmm-meta-icon-hide\">\n                        <span class=\"cvmm-post-date cvmm-post-meta-item\" itemprop=\"datePublished\"><a href=\"http:\/\/veracruzdemontilla.com\/?p=2490\" target=\"_blank\">6 octubre, 2025<\/a><\/span>                    <\/div>\n<div class=\"cvmm-read-more\"><a href=\"http:\/\/veracruzdemontilla.com\/?p=2490\" target=\"_blank\">Leer m\u00e1s<i class=\"fas fa-arrow-right\"><\/i><\/a><\/div>\n<\/article>\n<article post-id=\"post-2475\" class=\"cvmm-post post-format--standard\" itemscope itemtype=\"http:\/\/schema.org\/articleBody\">\n<div class=\"cvmm-post-thumb\">\n                                <a href=\"http:\/\/veracruzdemontilla.com\/?p=2475\" target=\"_blank\"><img src=\"https:\/\/i1.wp.com\/veracruzdemontilla.com\/wp-content\/uploads\/2025\/09\/552115729_1871256357160206_6365698202636524812_n.jpg?resize=150%2C150\" alt=\"Presentado el cartel de la Vera Cruz en el Magno V\u00eda Crucis\"\/><\/a>\n                                                            <\/div>\n<h2 class=\"cvmm-post-title\">\n                                <a href=\"http:\/\/veracruzdemontilla.com\/?p=2475\" target=\"_blank\"><br \/>\n                                    Presentado el cartel de la Vera Cruz en el Magno V\u00eda Crucis                                <\/a><br \/>\n                            <\/h2>\n<div class=\"cvmm-post-meta cvmm-meta-icon-hide\">\n                        <span class=\"cvmm-post-date cvmm-post-meta-item\" itemprop=\"datePublished\"><a href=\"http:\/\/veracruzdemontilla.com\/?p=2475\" target=\"_blank\">24 septiembre, 2025<\/a><\/span>                    <\/div>\n<div class=\"cvmm-read-more\"><a href=\"http:\/\/veracruzdemontilla.com\/?p=2475\" target=\"_blank\">Leer m\u00e1s<i class=\"fas fa-arrow-right\"><\/i><\/a><\/div>\n<\/article>\n<article post-id=\"post-2470\" class=\"cvmm-post post-format--standard\" itemscope itemtype=\"http:\/\/schema.org\/articleBody\">\n<div class=\"cvmm-post-thumb\">\n                                <a href=\"http:\/\/veracruzdemontilla.com\/?p=2470\" target=\"_blank\"><img src=\"https:\/\/i2.wp.com\/veracruzdemontilla.com\/wp-content\/uploads\/2025\/09\/Portada-Promo-AVATEL.jpg?resize=150%2C150\" alt=\"Programas especiales de Avatel para el Magno V\u00eda Crucis\"\/><\/a>\n                                                            <\/div>\n<h2 class=\"cvmm-post-title\">\n                                <a href=\"http:\/\/veracruzdemontilla.com\/?p=2470\" target=\"_blank\"><br \/>\n                                    Programas especiales de Avatel para el Magno V\u00eda Crucis                                <\/a><br \/>\n                            <\/h2>\n<div class=\"cvmm-post-meta cvmm-meta-icon-hide\">\n                        <span class=\"cvmm-post-date cvmm-post-meta-item\" itemprop=\"datePublished\"><a href=\"http:\/\/veracruzdemontilla.com\/?p=2470\" target=\"_blank\">17 septiembre, 2025<\/a><\/span>                    <\/div>\n<div class=\"cvmm-read-more\"><a href=\"http:\/\/veracruzdemontilla.com\/?p=2470\" target=\"_blank\">Leer m\u00e1s<i class=\"fas fa-arrow-right\"><\/i><\/a><\/div>\n<\/article><\/div>\n<\/p><\/div>\n<p><!-- #wpmagazine-modules-post-grid-block --><\/p>\n","protected":false},"excerpt":{"rendered":"<p>C\u00f3rdoba V\u00eda Sacra de Occidente El 11 de octubre de 2025, en el marco de los actos conmemorativos del 600 aniversario de la instauraci\u00f3n del rezo del v\u00eda crucis en la Iglesia de Occidente de la mano del beato \u00c1lvaro de C\u00f3rdoba, la Cofrad\u00eda de la Vera Cruz participar\u00e1 junto a otra hermandades de C\u00f3rdoba [&#038;hellip<\/p>\n","protected":false},"author":1,"featured_media":1891,"parent":0,"menu_order":0,"comment_status":"closed","ping_status":"closed","template":"","meta":{"advanced_seo_description":"","spay_email":""},"wpmagazine_modules_lite_featured_media_urls":{"thumbnail":["https:\/\/i2.wp.com\/veracruzdemontilla.com\/wp-content\/uploads\/2025\/03\/Via-Crucis-Magno_Zacatecas.jpg?resize=150%2C150",150,150,true],"cvmm-medium":["https:\/\/i2.wp.com\/veracruzdemontilla.com\/wp-content\/uploads\/2025\/03\/Via-Crucis-Magno_Zacatecas.jpg?resize=300%2C300",300,300,true],"cvmm-medium-plus":["https:\/\/i2.wp.com\/veracruzdemontilla.com\/wp-content\/uploads\/2025\/03\/Via-Crucis-Magno_Zacatecas.jpg?resize=305%2C207",305,207,true],"cvmm-portrait":["https:\/\/i2.wp.com\/veracruzdemontilla.com\/wp-content\/uploads\/2025\/03\/Via-Crucis-Magno_Zacatecas.jpg?resize=400%2C600",400,600,true],"cvmm-medium-square":["https:\/\/i2.wp.com\/veracruzdemontilla.com\/wp-content\/uploads\/2025\/03\/Via-Crucis-Magno_Zacatecas.jpg?resize=600%2C600",600,600,true],"cvmm-large":["https:\/\/i2.wp.com\/veracruzdemontilla.com\/wp-content\/uploads\/2025\/03\/Via-Crucis-Magno_Zacatecas.jpg?resize=1024%2C1024",1024,1024,true],"cvmm-small":["https:\/\/i2.wp.com\/veracruzdemontilla.com\/wp-content\/uploads\/2025\/03\/Via-Crucis-Magno_Zacatecas.jpg?resize=130%2C95",130,95,true],"full":["https:\/\/i2.wp.com\/veracruzdemontilla.com\/wp-content\/uploads\/2025\/03\/Via-Crucis-Magno_Zacatecas.jpg?fit=1080%2C1350",1080,1350,false]},"categories_names":null,"comments_number":"0","jetpack_sharing_enabled":true,"jetpack_shortlink":"https:\/\/wp.me\/P9INPk-uL","jetpack_likes_enabled":true,"jetpack-related-posts":[{"id":2484,"url":"http:\/\/veracruzdemontilla.com\/?page_id=2484","url_meta":{"origin":1907,"position":0},"title":"V\u00eda Sacra de Occidente","date":"2 octubre, 2025","format":false,"excerpt":"C\u00f3rdoba se erige en V\u00eda Sacra de Occidente en un programa de divulgaci\u00f3n cofrade promovido por la Agrupaci\u00f3n de Hermandades y Cofrad\u00edas de C\u00f3rdoba. A trav\u00e9s de 11 entregas, ser\u00e1 posible descubrir de primera mano c\u00f3mo las hermandades y cofrad\u00edas de C\u00f3rdoba y de la provincia viven la preparaci\u00f3n del\u2026","rel":"","context":"Entrada similar","img":{"alt_text":"","src":"https:\/\/i2.wp.com\/veracruzdemontilla.com\/wp-content\/uploads\/2025\/10\/Miniatura-scaled.jpg?fit=1200%2C737&resize=350%2C200","width":350,"height":200},"classes":[]},{"id":2,"url":"http:\/\/veracruzdemontilla.com\/?page_id=2","url_meta":{"origin":1907,"position":1},"title":"Historia","date":"23 julio, 2013","format":false,"excerpt":"El mes de abril de 2005 trajo para los hermanos de la Santa Vera Cruz una magn\u00edfica noticia: el obispo de C\u00f3rdoba, Juan Jos\u00e9 Asenjo, confirmaba la erecci\u00f3n can\u00f3nica de la Hermandad m\u00e1s antigua de la localidad, cuyas primeras referencias hist\u00f3ricas datan de la primera mitad del siglo XVI. Desde\u2026","rel":"","context":"Entrada similar","img":{"alt_text":"","src":"https:\/\/i0.wp.com\/veracruzdemontilla.com\/wp-content\/uploads\/2013\/07\/historia1a-300x225.jpg?resize=350%2C200","width":350,"height":200},"classes":[]},{"id":230,"url":"http:\/\/veracruzdemontilla.com\/?page_id=230","url_meta":{"origin":1907,"position":2},"title":"Resumen hist\u00f3rico","date":"24 julio, 2013","format":false,"excerpt":"Creado el 27 de febrero de 1566, como Tercio de \u00a0Figueroa, tomando su nombre de su Primer Maestre de Campo Don Lope de Figueroa, como era costumbre en aquella \u00e9poca. Aparece como Tercio Extraordinario debido a la presi\u00f3n que ejerc\u00eda en nuestro pa\u00eds la guerra contra los Pa\u00edses Bajos, teniendo\u2026","rel":"","context":"Entrada similar","img":{"alt_text":"Acompa\u00f1amiento musical de la banda del RAC n\u00ba 10.","src":"https:\/\/i1.wp.com\/veracruzdemontilla.com\/wp-content\/uploads\/2013\/07\/DSC00474.jpg?resize=350%2C200","width":350,"height":200},"classes":[]},{"id":239,"url":"http:\/\/veracruzdemontilla.com\/?page_id=239","url_meta":{"origin":1907,"position":3},"title":"Hechos de armas y organizaci\u00f3n actual","date":"24 julio, 2013","format":false,"excerpt":"Entre los principales hechos de armas, destaca en 1571 la Batalla de Lepanto donde Don Miguel de Cervantes y Saavedra asisti\u00f3 soldado del Tercio de Moncada a las \u00f3rdenes del Duque de Alba. El 7 de Octubre del mismo a\u00f1o parten hacia Cefalonia donde pocas horas despu\u00e9s se dar\u00eda la\u2026","rel":"","context":"Entrada similar","img":{"alt_text":"","src":"","width":0,"height":0},"classes":[]},{"id":247,"url":"http:\/\/veracruzdemontilla.com\/?page_id=247","url_meta":{"origin":1907,"position":4},"title":"Nombramiento como Hermano Mayor Honorario","date":"24 julio, 2013","format":false,"excerpt":"El 11 de enero de 2008 la Cofrad\u00eda Penitencial de la Santa Vera Cruz decidi\u00f3 reunida en Cabildo General Extraordinario de Hermanos la distinci\u00f3n honor\u00edfica como Hermano Mayor de la Cofrad\u00eda al Regimiento de Infanter\u00eda Mecanizada \u201cC\u00f3rdoba\u201d 10, nombramiento que se hizo efectivo el domingo 10 de febrero de 2008\u2026","rel":"","context":"Entrada similar","img":{"alt_text":"","src":"https:\/\/i1.wp.com\/veracruzdemontilla.com\/wp-content\/uploads\/2013\/07\/nombramiento01.jpg?resize=350%2C200","width":350,"height":200},"classes":[]},{"id":211,"url":"http:\/\/veracruzdemontilla.com\/?page_id=211","url_meta":{"origin":1907,"position":5},"title":"Santa Mar\u00eda del Socorro","date":"24 julio, 2013","format":false,"excerpt":"El domingo 11 de diciembre de 2005, la parroquia de Santiago Ap\u00f3stol se visti\u00f3 de gala para acoger la solemne bendici\u00f3n de la nueva imagen de Santa Mar\u00eda del Socorro, cotitular de la Cofrad\u00eda Penitencial de la Santa Vera Cruz. En una eucarist\u00eda presidida por el can\u00f3nigo magistral de la\u2026","rel":"","context":"Entrada similar","img":{"alt_text":"","src":"https:\/\/i2.wp.com\/veracruzdemontilla.com\/wp-content\/uploads\/2025\/04\/101013147_10217375191591077_8297386502405488640_n.jpg?resize=350%2C200","width":350,"height":200},"classes":[]}],"_links":{"self":[{"href":"http:\/\/veracruzdemontilla.com\/index.php?rest_route=\/wp\/v2\/pages\/1907"}],"collection":[{"href":"http:\/\/veracruzdemontilla.com\/index.php?rest_route=\/wp\/v2\/pages"}],"about":[{"href":"http:\/\/veracruzdemontilla.com\/index.php?rest_route=\/wp\/v2\/types\/page"}],"author":[{"embeddable":true,"href":"http:\/\/veracruzdemontilla.com\/index.php?rest_route=\/wp\/v2\/users\/1"}],"replies":[{"embeddable":true,"href":"http:\/\/veracruzdemontilla.com\/index.php?rest_route=%2Fwp%2Fv2%2Fcomments&post=1907"}],"version-history":[{"count":48,"href":"http:\/\/veracruzdemontilla.com\/index.php?rest_route=\/wp\/v2\/pages\/1907\/revisions"}],"predecessor-version":[{"id":2389,"href":"http:\/\/veracruzdemontilla.com\/index.php?rest_route=\/wp\/v2\/pages\/1907\/revisions\/2389"}],"wp:featuredmedia":[{"embeddable":true,"href":"http:\/\/veracruzdemontilla.com\/index.php?rest_route=\/wp\/v2\/media\/1891"}],"wp:attachment":[{"href":"http:\/\/veracruzdemontilla.com\/index.php?rest_route=%2Fwp%2Fv2%2Fmedia&parent=1907"}],"curies":[{"name":"wp","href":"https:\/\/api.w.org\/{rel}","templated":true}]}}