{"id":1549,"date":"2018-04-19T18:38:40","date_gmt":"2018-04-19T16:38:40","guid":{"rendered":"http:\/\/veracruzdemontilla.com\/?page_id=1549"},"modified":"2018-04-19T18:48:51","modified_gmt":"2018-04-19T16:48:51","slug":"politica-de-privacidad","status":"publish","type":"page","link":"http:\/\/veracruzdemontilla.com\/?page_id=1549","title":{"rendered":"Pol\u00edtica de privacidad"},"content":{"rendered":"<p style=\"text-align: justify;\">Conforme a la Ley Org\u00e1nica 15\/1999, de 13 de diciembre, de protecci\u00f3n de datos de car\u00e1cter personal (en adelante LOPD) y al Real Decreto 1720\/2007, de 21 de diciembre, por el que se aprueba el reglamento de desarrollo de la LOPD (en adelante RDLOPD), se informa al usuario que voluntariamente utiliza el tel\u00e9fono, correo postal y correo electr\u00f3nico para ponerse en contacto con la COFRAD\u00cdA PENITENCIAL DE LA SANTA VERA CRUZ, SANTO CRISTO DE ZACATECAS Y SANTA MAR\u00cdA MADRE DE DIOS Y SE\u00d1ORA NUESTRA (en adelante COFRAD\u00cdA PENITENCIAL DE LA SANTA VERA CRUZ DE MONTILLA), sobre la pol\u00edtica de recogida y tratamiento por la COFRAD\u00cdA PENITENCIAL DE LA SANTA VERA CRUZ DE MONTILLA de los datos personales del usuario en el Sitio Web.<\/p>\n<p style=\"text-align: justify;\">A efectos de esta Pol\u00edtica de Privacidad y Protecci\u00f3n de Datos Personales tiene la consideraci\u00f3n de dato personal, cualquier informaci\u00f3n num\u00e9rica, alfab\u00e9tica, gr\u00e1fica, fotogr\u00e1fica, ac\u00fastica o de cualquier otro tipo concerniente a una persona f\u00edsica identificada o identificable.<\/p>\n<p style=\"text-align: justify;\">A cualquier tratamiento de datos personales en el Sitio Web, le resultar\u00e1 de aplicaci\u00f3n lo establecido en la LOPD y el RDLOPD en materia de protecci\u00f3n de datos personales.<\/p>\n<p style=\"text-align: justify;\">En esta Pol\u00edtica de Privacidad y Protecci\u00f3n de Datos Personales se contienen todos los aspectos relacionados con el tratamiento de datos personales que la COFRAD\u00cdA PENITENCIAL DE LA SANTA VERA CRUZ DE MONTILLA lleva a cabo como responsable del tratamiento en el Sitio Web. Si tras la lectura de la presente pol\u00edtica el usuario contin\u00faa utilizando el Sitio Web, estar\u00e1 manifestando su aceptaci\u00f3n expresa de esta Pol\u00edtica de Privacidad y Protecci\u00f3n de Datos Personales. En caso contrario, el usuario que no est\u00e9 de acuerdo con esta pol\u00edtica deber\u00e1 abandonar el Sitio Web.<\/p>\n<p style=\"text-align: justify;\"><strong>1. Identidad y direcci\u00f3n del responsable del tratamiento.<\/strong><br \/>\nLa entidad COFRAD\u00cdA PENITENCIAL DE LA SANTA VERA CRUZ DE MONTILLA con domicilio en C\/ Iglesia 6, Montilla (C\u00f3rdoba) es la responsable del tratamiento de los datos personales que el usuario proporciona a la COFRAD\u00cdA PENITENCIAL DE LA SANTA VERA CRUZ DE MONTILLA en el Sitio Web.<\/p>\n<p style=\"text-align: justify;\"><strong>2. Finalidad de la recogida y tratamiento de los datos personales.<\/strong><br \/>\nEl usuario que accede al Sitio Web no est\u00e1 obligado a proporcionar sus datos personales; por tanto, cualquier entrega de datos personales se realizar\u00e1 porque el usuario voluntariamente ha decidido una navegaci\u00f3n o uso personalizado de los servicios del Sitio Web.<\/p>\n<p style=\"text-align: justify;\">Se informa al usuario que en el Sitio Web existen un formulario a trav\u00e9s del cual se recaban datos personales de los usuarios: el Formulario Hazte Hermano. En este se incluye una comunicaci\u00f3n a trav\u00e9s de la cual la COFRAD\u00cdA PENITENCIAL DE LA SANTA VERA CRUZ DE MONTILLA informa de la finalidad de la recogida y tratamiento de los datos personales cumplimentados por el usuario, as\u00ed como de los derechos que le asisten, en cumplimiento de lo establecido en la LOPD.<\/p>\n<p style=\"text-align: justify;\">Cuando el usuario no mantenga relaciones comerciales con COFRAD\u00cdA PENITENCIAL DE LA SANTA VERA CRUZ DE MONTILLA, debe tener en cuenta y es informado de que el env\u00edo de un correo postal o correo electr\u00f3nico a COFRAD\u00cdA PENITENCIAL DE LA SANTA VERA CRUZ DE MONTILLA, as\u00ed como la comunicaci\u00f3n por el usuario a la COFRAD\u00cdA PENITENCIAL DE LA SANTA VERA CRUZ DE MONTILLA de cualesquiera datos personales, conlleva la prestaci\u00f3n de su consentimiento libre, inequ\u00edvoco, espec\u00edfico, informado y expreso para el tratamiento de sus datos personales por la COFRAD\u00cdA PENITENCIAL DE LA SANTA VERA CRUZ DE MONTILLA con la finalidad de atender y contestar a la consulta recibida del usuario. En caso contrario, si el usuario no autoriza la recogida y tratamiento de sus datos personales con esta finalidad, deber\u00e1 abstenerse de enviar cualquier correo postal o correo electr\u00f3nico y de proporcionar sus datos personales a la COFRAD\u00cdA PENITENCIAL DE LA SANTA VERA CRUZ DE MONTILLA en el Sitio Web.<\/p>\n<p style=\"text-align: justify;\"><strong> 3. Actualizaci\u00f3n.<\/strong><br \/>\nEl usuario es la \u00fanica fuente de informaci\u00f3n de sus datos personales, por lo que se ruega al usuario que, con el fin de mantener sus datos personales actualizados y puestos al d\u00eda en todo momento, comunique a la COFRAD\u00cdA PENITENCIAL DE LA SANTA VERA CRUZ DE MONTILLA cualquier variaci\u00f3n de los mismos en la direcci\u00f3n indicada en esta Pol\u00edtica de Privacidad y Protecci\u00f3n de Datos Personales para el ejercicio de los derechos de acceso, rectificaci\u00f3n, cancelaci\u00f3n y oposici\u00f3n.<\/p>\n<p style=\"text-align: justify;\"><strong>4. Derechos de acceso, rectificaci\u00f3n, cancelaci\u00f3n y oposici\u00f3n.<\/strong><br \/>\nEn cualquier momento, el usuario puede ejercitar sus derechos de acceso, rectificaci\u00f3n, cancelaci\u00f3n y oposici\u00f3n mediante comunicaci\u00f3n escrita dirigida a la COFRAD\u00cdA PENITENCIAL DE LA SANTA VERA CRUZ DE MONTILLA en la C\/ Iglesia, 6 14550 Montilla (C\u00f3rdoba), haciendo constar su nombre, apellidos, direcci\u00f3n a efectos de notificaciones, fecha y firma de la petici\u00f3n y acompa\u00f1ando fotocopia del documento nacional de identidad o pasaporte u otro documento v\u00e1lido que le identifique, as\u00ed como aquellos documentos acreditativos de la solicitud que formula, en su caso.<\/p>\n<p style=\"text-align: justify;\"><strong>5. Medidas de seguridad adoptadas sobre el tratamiento de los datos personales.<\/strong><br \/>\nSe informa al usuario que la COFRAD\u00cdA PENITENCIAL DE LA SANTA VERA CRUZ DE MONTILLA ha adoptado, conforme a la LOPD y al RDLOPD, las medidas de \u00edndole t\u00e9cnica y organizativas necesarias para garantizar la seguridad de los datos personales y evitar la alteraci\u00f3n, p\u00e9rdida, tratamiento o acceso no autorizado, habida cuenta del estado de la tecnolog\u00eda, la naturaleza de los datos almacenados y los riesgos a que est\u00e1n expuestos, ya provengan de la acci\u00f3n humana o del medio f\u00edsico o natural.<\/p>\n<p style=\"text-align: justify;\"><strong>6. Recomendaciones a los usuarios.<\/strong><br \/>\nLa COFRAD\u00cdA PENITENCIAL DE LA SANTA VERA CRUZ DE MONTILLA recomienda al usuario que utilice las \u00faltimas versiones de los programas inform\u00e1ticos para su navegaci\u00f3n por Internet, porque estos programas incorporan mayores medidas de seguridad.<\/p>\n<p style=\"text-align: justify;\">Asimismo, la COFRAD\u00cdA PENITENCIAL DE LA SANTA VERA CRUZ DE MONTILLA recomienda al usuario utilizar los mecanismos de seguridad que tenga a su alcance (servidores web seguros, criptograf\u00eda, firma digital, firewall, etc.) para proteger la confidencialidad e integridad de sus datos personales en la medida en que le resulte necesario, dado que existen riesgos de suplantaci\u00f3n de la personalidad o violaci\u00f3n de la comunicaci\u00f3n.<\/p>\n<p style=\"text-align: justify;\">La COFRAD\u00cdA PENITENCIAL DE LA SANTA VERA CRUZ DE MONTILLA recuerda al usuario que Internet no es seguro. Sin embargo, existen y se desarrollan diferentes medios que le permiten mejorar la protecci\u00f3n de sus datos personales. Al respecto, se recomienda al usuario utilizar cualquier medio que est\u00e9 a su alcance para proteger sus datos personales y sus comunicaciones, tales como la codificaci\u00f3n legalmente disponible para el correo electr\u00f3nico confidencial, y los c\u00f3digos de acceso a su propio PC.<\/p>\n<p style=\"text-align: justify;\">La COFRAD\u00cdA PENITENCIAL DE LA SANTA VERA CRUZ DE MONTILLA advierte al usuario que siempre que proporcione datos personales por Internet a trav\u00e9s de correo electr\u00f3nico, grupos de noticias, foros de discusi\u00f3n, etc., tenga presente que dichos datos pueden ser recabados y tratados con finalidades no deseadas por el usuario, por lo que la COFRAD\u00cdA PENITENCIAL DE LA SANTA VERA CRUZ DE MONTILLA recomienda al usuario que se informe sobre las pol\u00edticas de confidencialidad y privacidad de los sitios en l\u00ednea que visite.<\/p>\n<p style=\"text-align: justify;\">La COFRAD\u00cdA PENITENCIAL DE LA SANTA VERA CRUZ DE MONTILLA advierte al usuario de que, salvo que emplee mecanismos de cifrado, el correo electr\u00f3nico en Internet no es seguro. Los mensajes de correo y los foros de discusi\u00f3n pueden ser objeto de falsificaci\u00f3n y suplantaci\u00f3n de personalidad, lo que debe tenerse en cuenta siempre que se usen. Si el usuario no desea publicar su direcci\u00f3n de correo electr\u00f3nico, deber\u00e1 configurar su navegador para que no deje su direcci\u00f3n de correo en los servidores web a los que accede.<\/p>\n<p style=\"text-align: justify;\"><strong>7. Actualizaci\u00f3n de la pol\u00edtica.<\/strong><br \/>\nCualquier modificaci\u00f3n de esta pol\u00edtica ser\u00e1 publicada en el Sitio Web, teniendo en cuenta el usuario que el tratamiento de sus datos personales se regir\u00e1 -en los casos en que los proporcione a la COFRAD\u00cdA PENITENCIAL DE LA SANTA VERA CRUZ DE MONTILLA &#8211; por las normas establecidas y vigentes en el momento en que haya proporcionado sus datos personales a la COFRAD\u00cdA PENITENCIAL DE LA SANTA VERA CRUZ DE MONTILLA<br \/>\nEn todo caso ser\u00e1 responsabilidad del usuario acceder peri\u00f3dicamente a esta Pol\u00edtica de Privacidad y Protecci\u00f3n de Datos Personales de la COFRAD\u00cdA PENITENCIAL DE LA SANTA VERA CRUZ DE MONTILLA publicada, para conocer en todo momento la \u00faltima versi\u00f3n.<\/p>\n","protected":false},"excerpt":{"rendered":"<p>Conforme a la Ley Org\u00e1nica 15\/1999, de 13 de diciembre, de protecci\u00f3n de datos de car\u00e1cter personal (en adelante LOPD) y al Real Decreto 1720\/2007, de 21 de diciembre, por el que se aprueba el reglamento de desarrollo de la LOPD (en adelante RDLOPD), se informa al usuario que voluntariamente utiliza el tel\u00e9fono, correo postal [&#038;hellip<\/p>\n","protected":false},"author":1,"featured_media":-1,"parent":0,"menu_order":0,"comment_status":"closed","ping_status":"closed","template":"","meta":{"advanced_seo_description":"","spay_email":""},"wpmagazine_modules_lite_featured_media_urls":{"thumbnail":"","cvmm-medium":"","cvmm-medium-plus":"","cvmm-portrait":"","cvmm-medium-square":"","cvmm-large":"","cvmm-small":"","full":""},"categories_names":null,"comments_number":"0","jetpack_sharing_enabled":true,"jetpack_shortlink":"https:\/\/wp.me\/P9INPk-oZ","jetpack_likes_enabled":true,"jetpack-related-posts":[{"id":211,"url":"http:\/\/veracruzdemontilla.com\/?page_id=211","url_meta":{"origin":1549,"position":0},"title":"Santa Mar\u00eda del Socorro","date":"24 julio, 2013","format":false,"excerpt":"El domingo 11 de diciembre de 2005, la parroquia de Santiago Ap\u00f3stol se visti\u00f3 de gala para acoger la solemne bendici\u00f3n de la nueva imagen de Santa Mar\u00eda del Socorro, cotitular de la Cofrad\u00eda Penitencial de la Santa Vera Cruz. En una eucarist\u00eda presidida por el can\u00f3nigo magistral de la\u2026","rel":"","context":"Entrada similar","img":{"alt_text":"","src":"https:\/\/i2.wp.com\/veracruzdemontilla.com\/wp-content\/uploads\/2025\/04\/101013147_10217375191591077_8297386502405488640_n.jpg?resize=350%2C200","width":350,"height":200},"classes":[]},{"id":227,"url":"http:\/\/veracruzdemontilla.com\/?page_id=227","url_meta":{"origin":1549,"position":1},"title":"Estaci\u00f3n de Penitencia","date":"24 julio, 2013","format":false,"excerpt":"La Estaci\u00f3n de Penitencia de la Cofrad\u00eda de la Santa Vera Cruz tiene lugar en la tarde-noche del Martes Santo, tal y como recogen sus estatutos. En ese momento, las puertas de la Iglesia parroquial de Santiago se abren al pueblo de Montilla, que se enluta bajo la imponente torre\u2026","rel":"","context":"Entrada similar","img":{"alt_text":"","src":"","width":0,"height":0},"classes":[]},{"id":247,"url":"http:\/\/veracruzdemontilla.com\/?page_id=247","url_meta":{"origin":1549,"position":2},"title":"Nombramiento como Hermano Mayor Honorario","date":"24 julio, 2013","format":false,"excerpt":"El 11 de enero de 2008 la Cofrad\u00eda Penitencial de la Santa Vera Cruz decidi\u00f3 reunida en Cabildo General Extraordinario de Hermanos la distinci\u00f3n honor\u00edfica como Hermano Mayor de la Cofrad\u00eda al Regimiento de Infanter\u00eda Mecanizada \u201cC\u00f3rdoba\u201d 10, nombramiento que se hizo efectivo el domingo 10 de febrero de 2008\u2026","rel":"","context":"Entrada similar","img":{"alt_text":"","src":"https:\/\/i1.wp.com\/veracruzdemontilla.com\/wp-content\/uploads\/2013\/07\/nombramiento01.jpg?resize=350%2C200","width":350,"height":200},"classes":[]},{"id":2,"url":"http:\/\/veracruzdemontilla.com\/?page_id=2","url_meta":{"origin":1549,"position":3},"title":"Historia","date":"23 julio, 2013","format":false,"excerpt":"El mes de abril de 2005 trajo para los hermanos de la Santa Vera Cruz una magn\u00edfica noticia: el obispo de C\u00f3rdoba, Juan Jos\u00e9 Asenjo, confirmaba la erecci\u00f3n can\u00f3nica de la Hermandad m\u00e1s antigua de la localidad, cuyas primeras referencias hist\u00f3ricas datan de la primera mitad del siglo XVI. Desde\u2026","rel":"","context":"Entrada similar","img":{"alt_text":"","src":"https:\/\/i0.wp.com\/veracruzdemontilla.com\/wp-content\/uploads\/2013\/07\/historia1a-300x225.jpg?resize=350%2C200","width":350,"height":200},"classes":[]},{"id":217,"url":"http:\/\/veracruzdemontilla.com\/?page_id=217","url_meta":{"origin":1549,"position":4},"title":"Patrimonio","date":"24 julio, 2013","format":false,"excerpt":"El cortejo de la Cofrad\u00eda Penitencial de la Santa Vera Cruz se abre con la Cruz de Gu\u00eda, una pieza an\u00f3nima del siglo XVII, realizada en madera policromada y que alberga la pintura de un crucificado. Asimismo, abriendo el tramo de nazarenos, la Hermandad lleva su estandarte corporativo, realizado en\u2026","rel":"","context":"Entrada similar","img":{"alt_text":"","src":"","width":0,"height":0},"classes":[]},{"id":203,"url":"http:\/\/veracruzdemontilla.com\/?page_id=203","url_meta":{"origin":1549,"position":5},"title":"Santo Cristo de Zacatecas","date":"24 julio, 2013","format":false,"excerpt":"El Santo Cristo de Zacatecas es uno de los mejores exponentes del barroco colonial que llevaron los espa\u00f1oles a las Indias. De tama\u00f1o superior al acad\u00e9mico y con una altura de 210 cent\u00edmetros, la imagen est\u00e1 construida con una mezcla de fibras vegetales de ca\u00f1a de ma\u00edz y encolados.La imagen\u2026","rel":"","context":"Entrada similar","img":{"alt_text":"","src":"","width":0,"height":0},"classes":[]}],"_links":{"self":[{"href":"http:\/\/veracruzdemontilla.com\/index.php?rest_route=\/wp\/v2\/pages\/1549"}],"collection":[{"href":"http:\/\/veracruzdemontilla.com\/index.php?rest_route=\/wp\/v2\/pages"}],"about":[{"href":"http:\/\/veracruzdemontilla.com\/index.php?rest_route=\/wp\/v2\/types\/page"}],"author":[{"embeddable":true,"href":"http:\/\/veracruzdemontilla.com\/index.php?rest_route=\/wp\/v2\/users\/1"}],"replies":[{"embeddable":true,"href":"http:\/\/veracruzdemontilla.com\/index.php?rest_route=%2Fwp%2Fv2%2Fcomments&post=1549"}],"version-history":[{"count":3,"href":"http:\/\/veracruzdemontilla.com\/index.php?rest_route=\/wp\/v2\/pages\/1549\/revisions"}],"predecessor-version":[{"id":1552,"href":"http:\/\/veracruzdemontilla.com\/index.php?rest_route=\/wp\/v2\/pages\/1549\/revisions\/1552"}],"wp:featuredmedia":[{"embeddable":true,"href":"http:\/\/veracruzdemontilla.com\/index.php?rest_route=\/wp\/v2\/media\/-1"}],"wp:attachment":[{"href":"http:\/\/veracruzdemontilla.com\/index.php?rest_route=%2Fwp%2Fv2%2Fmedia&parent=1549"}],"curies":[{"name":"wp","href":"https:\/\/api.w.org\/{rel}","templated":true}]}}