{"id":1480,"date":"2018-04-11T11:04:36","date_gmt":"2018-04-11T09:04:36","guid":{"rendered":"http:\/\/veracruzdemontilla.com\/?page_id=1480"},"modified":"2026-02-24T18:14:55","modified_gmt":"2026-02-24T16:14:55","slug":"junta-de-gobierno","status":"publish","type":"page","link":"http:\/\/veracruzdemontilla.com\/?page_id=1480","title":{"rendered":"Junta de Gobierno"},"content":{"rendered":"<h6 style=\"text-align: center;\"><a href=\"https:\/\/i1.wp.com\/veracruzdemontilla.com\/wp-content\/uploads\/2026\/02\/20260222-FiestaDe-Regla-19.jpg\"><img data-attachment-id=\"2544\" data-permalink=\"http:\/\/veracruzdemontilla.com\/?attachment_id=2544\" data-orig-file=\"https:\/\/i1.wp.com\/veracruzdemontilla.com\/wp-content\/uploads\/2026\/02\/20260222-FiestaDe-Regla-19.jpg?fit=1800%2C1200\" data-orig-size=\"1800,1200\" data-comments-opened=\"0\" data-image-meta=\"{&quot;aperture&quot;:&quot;3.5&quot;,&quot;credit&quot;:&quot;CHEMA_G_MARMOL&quot;,&quot;camera&quot;:&quot;NIKON D500&quot;,&quot;caption&quot;:&quot;&quot;,&quot;created_timestamp&quot;:&quot;1771766624&quot;,&quot;copyright&quot;:&quot;CHEMA_G_MARMOL&quot;,&quot;focal_length&quot;:&quot;16&quot;,&quot;iso&quot;:&quot;400&quot;,&quot;shutter_speed&quot;:&quot;0.005&quot;,&quot;title&quot;:&quot;&quot;,&quot;orientation&quot;:&quot;0&quot;}\" data-image-title=\"20260222-FiestaDe Regla-19\" data-image-description=\"\" data-image-caption=\"\" data-medium-file=\"https:\/\/i1.wp.com\/veracruzdemontilla.com\/wp-content\/uploads\/2026\/02\/20260222-FiestaDe-Regla-19.jpg?fit=300%2C200\" data-large-file=\"https:\/\/i1.wp.com\/veracruzdemontilla.com\/wp-content\/uploads\/2026\/02\/20260222-FiestaDe-Regla-19.jpg?fit=1024%2C683\" loading=\"lazy\" class=\"wp-image-2544  aligncenter\" src=\"https:\/\/i1.wp.com\/veracruzdemontilla.com\/wp-content\/uploads\/2026\/02\/20260222-FiestaDe-Regla-19.jpg?resize=603%2C402\" alt=\"\" width=\"603\" height=\"402\" srcset=\"https:\/\/i1.wp.com\/veracruzdemontilla.com\/wp-content\/uploads\/2026\/02\/20260222-FiestaDe-Regla-19.jpg?resize=1024%2C683 1024w, https:\/\/i1.wp.com\/veracruzdemontilla.com\/wp-content\/uploads\/2026\/02\/20260222-FiestaDe-Regla-19.jpg?resize=300%2C200 300w, https:\/\/i1.wp.com\/veracruzdemontilla.com\/wp-content\/uploads\/2026\/02\/20260222-FiestaDe-Regla-19.jpg?resize=768%2C512 768w, https:\/\/i1.wp.com\/veracruzdemontilla.com\/wp-content\/uploads\/2026\/02\/20260222-FiestaDe-Regla-19.jpg?resize=1536%2C1024 1536w, https:\/\/i1.wp.com\/veracruzdemontilla.com\/wp-content\/uploads\/2026\/02\/20260222-FiestaDe-Regla-19.jpg?resize=600%2C400 600w, https:\/\/i1.wp.com\/veracruzdemontilla.com\/wp-content\/uploads\/2026\/02\/20260222-FiestaDe-Regla-19.jpg?w=1800 1800w\" sizes=\"(max-width: 603px) 100vw, 603px\" data-recalc-dims=\"1\" \/><\/a><strong>Junta de Gobierno presidida por Juan Antonio Prieto Velasco (2025-actualidad)<\/strong><\/h6>\n<h6 style=\"text-align: center;\"><strong>[Foto: Chema G. M\u00e1rmol]<\/strong><\/h6>\n<ul style=\"list-style-type: circle;\">\n<li><strong>Hermano mayor:<\/strong> D. Juan Antonio Prieto Velasco<\/li>\n<li><strong>Vice-hermano mayor: <\/strong>D. Jorge R\u00edos Mayar<\/li>\n<li><strong>Secretario:<\/strong> D. Jes\u00fas Juli\u00e1n Morales Arribas<\/li>\n<li><strong>Tesorero:<\/strong> D. Miguel Navarro M\u00e1rquez<\/li>\n<li><strong>Vocal de Cultos y Atenci\u00f3n espiritual: <\/strong>D\u00f1a. Blanca Lucena Leiva\u00a0<\/li>\n<li><strong>Vocal de Acci\u00f3n social y Caridad:<\/strong> D\u00f1a. Mar\u00eda Jos\u00e9 Priego L\u00f3pez<\/li>\n<li><strong>Vocal de Estaci\u00f3n de Penitencia y vicetesorero:<\/strong> D. Manuel Rey Urbano<\/li>\n<li><strong>Vocales de Juventud:<\/strong> D. Javier Garc\u00eda Navarrete y D. Iv\u00e1n Garc\u00eda Espejo<\/li>\n<li><strong>Vicesecretaria:<\/strong> D\u00f1a. Pilar Jurado Casas<\/li>\n<li><strong>Prioste:<\/strong> D. Jes\u00fas Aguilar Hidalgo<\/li>\n<li><strong>Consiliarios:<\/strong> Rvdo. P. Fernando Su\u00e1rez Tapiador y Rvdo. P. Javier Gonz\u00e1lez Mart\u00ednez<\/li>\n<li><strong>Hermano mayor honorario:<\/strong> Regimiento Acorazado C\u00f3rdoba 10 (Ilmo. Sr. Col. D. Francisco Javier Carpio S\u00e1nchez)<\/li>\n<\/ul>\n","protected":false},"excerpt":{"rendered":"<p>Junta de Gobierno presidida por Juan Antonio Prieto Velasco (2025-actualidad) [Foto: Chema G. M\u00e1rmol] Hermano mayor: D. Juan Antonio Prieto Velasco Vice-hermano mayor: D. Jorge R\u00edos Mayar Secretario: D. Jes\u00fas Juli\u00e1n Morales Arribas Tesorero: D. Miguel Navarro M\u00e1rquez Vocal de Cultos y Atenci\u00f3n espiritual: D\u00f1a. Blanca Lucena Leiva\u00a0 Vocal de Acci\u00f3n social y Caridad: D\u00f1a. [&#038;hellip<\/p>\n","protected":false},"author":1,"featured_media":-1,"parent":0,"menu_order":0,"comment_status":"closed","ping_status":"closed","template":"","meta":{"advanced_seo_description":"","spay_email":""},"wpmagazine_modules_lite_featured_media_urls":{"thumbnail":"","cvmm-medium":"","cvmm-medium-plus":"","cvmm-portrait":"","cvmm-medium-square":"","cvmm-large":"","cvmm-small":"","full":""},"categories_names":null,"comments_number":"0","jetpack_sharing_enabled":true,"jetpack_shortlink":"https:\/\/wp.me\/P9INPk-nS","jetpack_likes_enabled":true,"jetpack-related-posts":[{"id":247,"url":"http:\/\/veracruzdemontilla.com\/?page_id=247","url_meta":{"origin":1480,"position":0},"title":"Nombramiento como Hermano Mayor Honorario","date":"24 julio, 2013","format":false,"excerpt":"El 11 de enero de 2008 la Cofrad\u00eda Penitencial de la Santa Vera Cruz decidi\u00f3 reunida en Cabildo General Extraordinario de Hermanos la distinci\u00f3n honor\u00edfica como Hermano Mayor de la Cofrad\u00eda al Regimiento de Infanter\u00eda Mecanizada \u201cC\u00f3rdoba\u201d 10, nombramiento que se hizo efectivo el domingo 10 de febrero de 2008\u2026","rel":"","context":"Entrada similar","img":{"alt_text":"","src":"https:\/\/i1.wp.com\/veracruzdemontilla.com\/wp-content\/uploads\/2013\/07\/nombramiento01.jpg?resize=350%2C200","width":350,"height":200},"classes":[]},{"id":2,"url":"http:\/\/veracruzdemontilla.com\/?page_id=2","url_meta":{"origin":1480,"position":1},"title":"Historia","date":"23 julio, 2013","format":false,"excerpt":"El mes de abril de 2005 trajo para los hermanos de la Santa Vera Cruz una magn\u00edfica noticia: el obispo de C\u00f3rdoba, Juan Jos\u00e9 Asenjo, confirmaba la erecci\u00f3n can\u00f3nica de la Hermandad m\u00e1s antigua de la localidad, cuyas primeras referencias hist\u00f3ricas datan de la primera mitad del siglo XVI. Desde\u2026","rel":"","context":"Entrada similar","img":{"alt_text":"","src":"https:\/\/i0.wp.com\/veracruzdemontilla.com\/wp-content\/uploads\/2013\/07\/historia1a-300x225.jpg?resize=350%2C200","width":350,"height":200},"classes":[]},{"id":1907,"url":"http:\/\/veracruzdemontilla.com\/?page_id=1907","url_meta":{"origin":1480,"position":2},"title":"Magno V\u00eda Crucis","date":"27 marzo, 2025","format":false,"excerpt":"C\u00f3rdoba V\u00eda Sacra de Occidente V\u00eddeo promocional MagnoVCOR25 realizado por La Sangre y La Gloria El 11 de octubre de 2025, en el marco de los actos conmemorativos del 600 aniversario de la instauraci\u00f3n del rezo del v\u00eda crucis en la Iglesia de Occidente de la mano del beato \u00c1lvaro\u2026","rel":"","context":"Entrada similar","img":{"alt_text":"","src":"https:\/\/i2.wp.com\/veracruzdemontilla.com\/wp-content\/uploads\/2025\/03\/Via-Crucis-Magno_Zacatecas.jpg?fit=960%2C1200&resize=350%2C200","width":350,"height":200},"classes":[]},{"id":211,"url":"http:\/\/veracruzdemontilla.com\/?page_id=211","url_meta":{"origin":1480,"position":3},"title":"Santa Mar\u00eda del Socorro","date":"24 julio, 2013","format":false,"excerpt":"El domingo 11 de diciembre de 2005, la parroquia de Santiago Ap\u00f3stol se visti\u00f3 de gala para acoger la solemne bendici\u00f3n de la nueva imagen de Santa Mar\u00eda del Socorro, cotitular de la Cofrad\u00eda Penitencial de la Santa Vera Cruz. En una eucarist\u00eda presidida por el can\u00f3nigo magistral de la\u2026","rel":"","context":"Entrada similar","img":{"alt_text":"","src":"https:\/\/i2.wp.com\/veracruzdemontilla.com\/wp-content\/uploads\/2025\/04\/101013147_10217375191591077_8297386502405488640_n.jpg?resize=350%2C200","width":350,"height":200},"classes":[]},{"id":393,"url":"http:\/\/veracruzdemontilla.com\/?page_id=393","url_meta":{"origin":1480,"position":4},"title":"Hazte Hermano","date":"3 octubre, 2013","format":false,"excerpt":"Si deseas formar parte de nuestra cofrad\u00eda puedes rellenar el siguiente formulario para que podamos ponernos en contacto contigo. Para formalizar el alta y a efectos de cumplir con la Ley Org\u00e1nica 3\/2018, de 5 de diciembre, de protecci\u00f3n de datos personales y garant\u00eda de los derechos digitales (LOPDGDD) y\u2026","rel":"","context":"Entrada similar","img":{"alt_text":"","src":"","width":0,"height":0},"classes":[]},{"id":1739,"url":"http:\/\/veracruzdemontilla.com\/?page_id=1739","url_meta":{"origin":1480,"position":5},"title":"El Cristo de Zacatecas, exponente del arte iberoamericano en Tornaviaje","date":"25 octubre, 2021","format":false,"excerpt":"La exposici\u00f3n Tornaviaje. Arte iberoamericano en Espa\u00f1a del Museo del Prado ha sido el marco incomparable para celebrar el 445\u00ba aniversario de la donaci\u00f3n del Santo Cristo de Zacatecas a la Cofrad\u00eda de la Vera Cruz por parte del montillano Andr\u00e9s de Mesa, fechada el 10 de septiembre de 1576.\u2026","rel":"","context":"Entrada similar","img":{"alt_text":"","src":"https:\/\/i0.wp.com\/veracruzdemontilla.com\/wp-content\/uploads\/2021\/10\/Cabecera-Tornaviaje.jpg?resize=350%2C200","width":350,"height":200},"classes":[]}],"_links":{"self":[{"href":"http:\/\/veracruzdemontilla.com\/index.php?rest_route=\/wp\/v2\/pages\/1480"}],"collection":[{"href":"http:\/\/veracruzdemontilla.com\/index.php?rest_route=\/wp\/v2\/pages"}],"about":[{"href":"http:\/\/veracruzdemontilla.com\/index.php?rest_route=\/wp\/v2\/types\/page"}],"author":[{"embeddable":true,"href":"http:\/\/veracruzdemontilla.com\/index.php?rest_route=\/wp\/v2\/users\/1"}],"replies":[{"embeddable":true,"href":"http:\/\/veracruzdemontilla.com\/index.php?rest_route=%2Fwp%2Fv2%2Fcomments&post=1480"}],"version-history":[{"count":20,"href":"http:\/\/veracruzdemontilla.com\/index.php?rest_route=\/wp\/v2\/pages\/1480\/revisions"}],"predecessor-version":[{"id":2550,"href":"http:\/\/veracruzdemontilla.com\/index.php?rest_route=\/wp\/v2\/pages\/1480\/revisions\/2550"}],"wp:featuredmedia":[{"embeddable":true,"href":"http:\/\/veracruzdemontilla.com\/index.php?rest_route=\/wp\/v2\/media\/-1"}],"wp:attachment":[{"href":"http:\/\/veracruzdemontilla.com\/index.php?rest_route=%2Fwp%2Fv2%2Fmedia&parent=1480"}],"curies":[{"name":"wp","href":"https:\/\/api.w.org\/{rel}","templated":true}]}}